{"id":195,"date":"2021-01-16T22:02:12","date_gmt":"2021-01-16T20:02:12","guid":{"rendered":"http:\/\/compacttechnology.ro\/?page_id=195"},"modified":"2021-01-25T20:42:58","modified_gmt":"2021-01-25T18:42:58","slug":"folie-ldpe-si-hdpe","status":"publish","type":"page","link":"https:\/\/compacttechnology.ro\/en\/folie-ldpe-si-hdpe\/","title":{"rendered":"LDPE and HDPE Foil"},"content":{"rendered":"<div class=\"wp-block-image\"><figure class=\"aligncenter size-large\"><img loading=\"lazy\" width=\"729\" height=\"120\" src=\"https:\/\/compacttechnology.ro\/wp-content\/uploads\/2021\/01\/01-folie-ldpe.png\" alt=\"\" class=\"wp-image-344\" srcset=\"https:\/\/compacttechnology.ro\/wp-content\/uploads\/2021\/01\/01-folie-ldpe.png 729w, https:\/\/compacttechnology.ro\/wp-content\/uploads\/2021\/01\/01-folie-ldpe-300x49.png 300w, https:\/\/compacttechnology.ro\/wp-content\/uploads\/2021\/01\/01-folie-ldpe-16x3.png 16w\" sizes=\"(max-width: 729px) 100vw, 729px\" \/><\/figure><\/div>\n\n\n\n<p>LDPE and HDPE foil is produced from virgin and\/or recycled granules, printed or not printed, UV treated on request.<\/p>\n\n\n\n<p>It is produced at customer request, depending on its application in the form of: heat-shrinkable foil, LDPE foil garments (pallet covers, collective bags, bags), HDPE foil garments (bags and household bags), UV treated solar foil.<\/p>\n\n\n<!-- Final Tiles Grid Gallery for WordPress v3.4.22 free --><style>#ftg-22 .tile { border: 2px solid #096602; }#ftg-22 .tile .icon { color:#ffffff; }#ftg-22 .ftg-items .loading-bar i { background:#666666; }#ftg-22 .ftg-items .loading-bar { background:#fff; }#ftg-22 .tile .icon { font-size:12px; }#ftg-22 .tile .icon { margin: -6px 0 0 -6px; }#ftg-22 .tile .caption-block .text-wrapper span.text { font-size:12px; }#ftg-22 .tile .caption-block .text-wrapper span.title { font-size:14px; }#ftg-22 .tile { background-color: transparent; }#ftg-22 .tile .caption-block .text-wrapper span.text { color: #ffffff; }#ftg-22 .tile .caption-block .text-wrapper span.title { color: #ffffff; }#ftg-22 .tile .ftg-social a { color: #ffffff; }#ftg-22 .tile { border-radius: 5px; }#ftg-22 .tile .caption-block { transition-duration:0.25s; }#ftg-22 .tile .tile-inner:before { background-color: #000000; }#ftg-22 .tile .tile-inner:before { background-color: rgba(0, 0, 0, 0.8); }#ftg-22 .tile:hover img {-moz-transform: ;-webkit-transform: ;-o-transform: ;-ms-transform: ;transform: ;}<\/style><a name='2'><\/a><div class='final-tiles-gallery  ftg-hover-enabled  caption-none caption-middle caption-center' id='ftg-22' style='width:100%'><div class='ftg-items'><div class='loading-bar'><i><\/i><\/div><div  class='tile ftg-preload'><a title=\"Heat Shrink Foil\" data-lightbox='ftg-22' rel='ftg-22'  class='tile-inner  ftg-lightbox' href='https:\/\/compacttechnology.ro\/wp-content\/uploads\/2021\/01\/Folie-Termocontractibila-LDPE-pentru-Baxare-1024x765.jpg' ><img alt='Folie Termocontractibil\u0103' class='item skip-lazy' data-class='item' data-ftg-source='https:\/\/compacttechnology.ro\/wp-content\/uploads\/2021\/01\/Folie-Termocontractibila-LDPE-pentru-Baxare-1024x765.jpg' src='https:\/\/compacttechnology.ro\/wp-content\/uploads\/2021\/01\/Folie-Termocontractibila-LDPE-pentru-Baxare-1024x765.jpg' width='1024' height='765' \/><div class='caption-block'><div class='text-wrapper'><span class='title'>Heat Shrink Foil<\/span><\/div><\/div><\/a><div class='ftg-social'><\/div><\/div><div  class='tile ftg-preload'><a title=\"Coating Foil\" data-lightbox='ftg-22' rel='ftg-22'  class='tile-inner  ftg-lightbox' href='https:\/\/compacttechnology.ro\/wp-content\/uploads\/2021\/01\/Huse-Paleti.jpg' ><img alt='Folie Acoperire' class='item skip-lazy' data-class='item' data-ftg-source='https:\/\/compacttechnology.ro\/wp-content\/uploads\/2021\/01\/Huse-Paleti.jpg' src='https:\/\/compacttechnology.ro\/wp-content\/uploads\/2021\/01\/Huse-Paleti.jpg' width='1024' height='682' \/><div class='caption-block'><div class='text-wrapper'><span class='title'>Coating Foil<\/span><\/div><\/div><\/a><div class='ftg-social'><\/div><\/div><div  class='tile ftg-preload'><a title=\"Pallet Covers\" data-lightbox='ftg-22' rel='ftg-22'  class='tile-inner  ftg-lightbox' href='https:\/\/compacttechnology.ro\/wp-content\/uploads\/2021\/01\/Saci-Colectivi.jpg' ><img alt='Huse Pale\u021bi' class='item skip-lazy' data-class='item' data-ftg-source='https:\/\/compacttechnology.ro\/wp-content\/uploads\/2021\/01\/Saci-Colectivi.jpg' src='https:\/\/compacttechnology.ro\/wp-content\/uploads\/2021\/01\/Saci-Colectivi.jpg' width='1000' height='667' \/><div class='caption-block'><div class='text-wrapper'><span class='title'>Pallet Covers<\/span><\/div><\/div><\/a><div class='ftg-social'><\/div><\/div><div  class='tile ftg-preload'><a title=\"Household Bags\" data-lightbox='ftg-22' rel='ftg-22'  class='tile-inner  ftg-lightbox' href='https:\/\/compacttechnology.ro\/wp-content\/uploads\/2021\/01\/Saci-Menajeri.jpg' ><img alt='Saci Menajeri' class='item skip-lazy' data-class='item' data-ftg-source='https:\/\/compacttechnology.ro\/wp-content\/uploads\/2021\/01\/Saci-Menajeri.jpg' src='https:\/\/compacttechnology.ro\/wp-content\/uploads\/2021\/01\/Saci-Menajeri.jpg' width='1000' height='667' \/><div class='caption-block'><div class='text-wrapper'><span class='title'>Household Bags<\/span><\/div><\/div><\/a><div class='ftg-social'><\/div><\/div><div  class='tile ftg-preload'><a title=\"UV Treated Solar Film\" data-lightbox='ftg-22' rel='ftg-22'  class='tile-inner  ftg-lightbox' href='https:\/\/compacttechnology.ro\/wp-content\/uploads\/2021\/01\/Folie-Tip-Solar-Tratata-UV-1024x684.jpg' ><img alt='Folie Tip Solar Tratat\u0103 UV' class='item skip-lazy' data-class='item' data-ftg-source='https:\/\/compacttechnology.ro\/wp-content\/uploads\/2021\/01\/Folie-Tip-Solar-Tratata-UV-1024x684.jpg' src='https:\/\/compacttechnology.ro\/wp-content\/uploads\/2021\/01\/Folie-Tip-Solar-Tratata-UV-1024x684.jpg' width='1024' height='684' \/><div class='caption-block'><div class='text-wrapper'><span class='title'>UV Treated Solar Film<\/span><\/div><\/div><\/a><div class='ftg-social'><\/div><\/div><\/div><\/div><script type='text\/javascript'>jQuery('#ftg-22 img.item').removeAttr('src');jQuery(document).ready(function () {setTimeout(function () {jQuery('#ftg-22').finalTilesGallery({minTileWidth: 250,margin: 15,loadMethod: 'sequential',nonce: '5a59e43af7',galleryId: '2',setupFilters: true,layout: 'columns',debug: false,gridSize: 25,disableGridSizeBelow:250,allowEnlargement: true,columns: [[4000, 6],[1024, 4],[800, 3],[480, 3],[320, 2]],selectedFilter: 'n-a'});jQuery(function () {(function () {var rel = '';jQuery('#ftg-22 .ftg-lightbox').click(function (e) {rel = jQuery(this).attr('rel');jQuery('#ftg-22 .ftg-current').removeClass('ftg-current');jQuery('#ftg-22 [rel=\"'+rel+'\"]').addClass('ftg-current');});})();});}, 0);});<\/script>","protected":false},"excerpt":{"rendered":"<p>Folia LDPE \u0219i HDPE este produs\u0103 din granul\u0103 virgin\u0103 \u0219i<span class=\"more-button\"><a href=\"https:\/\/compacttechnology.ro\/en\/folie-ldpe-si-hdpe\/\" class=\"more-link\">Continue reading<span class=\"screen-reader-text\">LDPE and HDPE Foil<\/span><\/a><\/span><\/p>","protected":false},"author":1,"featured_media":0,"parent":0,"menu_order":0,"comment_status":"closed","ping_status":"closed","template":"templates\/full-width-page.php","meta":[],"yoast_head":"<!-- This site is optimized with the Yoast SEO plugin v15.6.2 - https:\/\/yoast.com\/wordpress\/plugins\/seo\/ -->\n<title>Folie LDPE \u0219i HDPE - Compact Technology<\/title>\n<meta name=\"description\" content=\"Folia LDPE \u0219i HDPE este produs\u0103 din granul\u0103 virgin\u0103 \u0219i regranulat\u0103, imprimat\u0103 sau neimprimat\u0103, la cerere tratat\u0103 UV.\" \/>\n<meta name=\"robots\" content=\"index, follow, max-snippet:-1, max-image-preview:large, max-video-preview:-1\" \/>\n<link rel=\"canonical\" href=\"https:\/\/compacttechnology.ro\/en\/folie-ldpe-si-hdpe\/\" \/>\n<meta property=\"og:locale\" content=\"en_GB\" \/>\n<meta property=\"og:type\" content=\"article\" \/>\n<meta property=\"og:title\" content=\"Folie LDPE \u0219i HDPE - Compact Technology\" \/>\n<meta property=\"og:description\" content=\"Folia LDPE \u0219i HDPE este produs\u0103 din granul\u0103 virgin\u0103 \u0219i regranulat\u0103, imprimat\u0103 sau neimprimat\u0103, la cerere tratat\u0103 UV.\" \/>\n<meta property=\"og:url\" content=\"https:\/\/compacttechnology.ro\/en\/folie-ldpe-si-hdpe\/\" \/>\n<meta property=\"og:site_name\" content=\"Compact Technology\" \/>\n<meta property=\"article:modified_time\" content=\"2021-01-25T18:42:58+00:00\" \/>\n<meta property=\"og:image\" content=\"https:\/\/compacttechnology.ro\/wp-content\/uploads\/2021\/01\/01-folie-ldpe.png\" \/>\n<meta name=\"twitter:card\" content=\"summary_large_image\" \/>\n<meta name=\"twitter:label1\" content=\"Estimated reading time\">\n\t<meta name=\"twitter:data1\" content=\"1 minute\">\n<script type=\"application\/ld+json\" class=\"yoast-schema-graph\">{\"@context\":\"https:\/\/schema.org\",\"@graph\":[{\"@type\":\"Organization\",\"@id\":\"https:\/\/compacttechnology.ro\/en\/#organization\",\"name\":\"Compact Technology\",\"url\":\"https:\/\/compacttechnology.ro\/en\/\",\"sameAs\":[],\"logo\":{\"@type\":\"ImageObject\",\"@id\":\"https:\/\/compacttechnology.ro\/en\/#logo\",\"inLanguage\":\"en-GB\",\"url\":\"https:\/\/compacttechnology.ro\/wp-content\/uploads\/2021\/01\/large-no-bg.png\",\"width\":1300,\"height\":350,\"caption\":\"Compact Technology\"},\"image\":{\"@id\":\"https:\/\/compacttechnology.ro\/en\/#logo\"}},{\"@type\":\"WebSite\",\"@id\":\"https:\/\/compacttechnology.ro\/en\/#website\",\"url\":\"https:\/\/compacttechnology.ro\/en\/\",\"name\":\"Compact Technology\",\"description\":\"Simply Stretched\",\"publisher\":{\"@id\":\"https:\/\/compacttechnology.ro\/en\/#organization\"},\"potentialAction\":[{\"@type\":\"SearchAction\",\"target\":\"https:\/\/compacttechnology.ro\/en\/?s={search_term_string}\",\"query-input\":\"required name=search_term_string\"}],\"inLanguage\":\"en-GB\"},{\"@type\":\"ImageObject\",\"@id\":\"https:\/\/compacttechnology.ro\/folie-ldpe-si-hdpe\/#primaryimage\",\"inLanguage\":\"en-GB\",\"url\":\"https:\/\/compacttechnology.ro\/wp-content\/uploads\/2021\/01\/01-folie-ldpe.png\",\"width\":729,\"height\":120},{\"@type\":\"WebPage\",\"@id\":\"https:\/\/compacttechnology.ro\/folie-ldpe-si-hdpe\/#webpage\",\"url\":\"https:\/\/compacttechnology.ro\/folie-ldpe-si-hdpe\/\",\"name\":\"Folie LDPE \\u0219i HDPE - Compact Technology\",\"isPartOf\":{\"@id\":\"https:\/\/compacttechnology.ro\/en\/#website\"},\"primaryImageOfPage\":{\"@id\":\"https:\/\/compacttechnology.ro\/folie-ldpe-si-hdpe\/#primaryimage\"},\"datePublished\":\"2021-01-16T20:02:12+00:00\",\"dateModified\":\"2021-01-25T18:42:58+00:00\",\"description\":\"Folia LDPE \\u0219i HDPE este produs\\u0103 din granul\\u0103 virgin\\u0103 \\u0219i regranulat\\u0103, imprimat\\u0103 sau neimprimat\\u0103, la cerere tratat\\u0103 UV.\",\"inLanguage\":\"en-GB\",\"potentialAction\":[{\"@type\":\"ReadAction\",\"target\":[\"https:\/\/compacttechnology.ro\/folie-ldpe-si-hdpe\/\"]}]}]}<\/script>\n<!-- \/ Yoast SEO plugin. -->","_links":{"self":[{"href":"https:\/\/compacttechnology.ro\/en\/wp-json\/wp\/v2\/pages\/195"}],"collection":[{"href":"https:\/\/compacttechnology.ro\/en\/wp-json\/wp\/v2\/pages"}],"about":[{"href":"https:\/\/compacttechnology.ro\/en\/wp-json\/wp\/v2\/types\/page"}],"author":[{"embeddable":true,"href":"https:\/\/compacttechnology.ro\/en\/wp-json\/wp\/v2\/users\/1"}],"replies":[{"embeddable":true,"href":"https:\/\/compacttechnology.ro\/en\/wp-json\/wp\/v2\/comments?post=195"}],"version-history":[{"count":12,"href":"https:\/\/compacttechnology.ro\/en\/wp-json\/wp\/v2\/pages\/195\/revisions"}],"predecessor-version":[{"id":623,"href":"https:\/\/compacttechnology.ro\/en\/wp-json\/wp\/v2\/pages\/195\/revisions\/623"}],"wp:attachment":[{"href":"https:\/\/compacttechnology.ro\/en\/wp-json\/wp\/v2\/media?parent=195"}],"curies":[{"name":"wp","href":"https:\/\/api.w.org\/{rel}","templated":true}]}}