{"id":561,"date":"2021-01-19T16:14:00","date_gmt":"2021-01-19T14:14:00","guid":{"rendered":"https:\/\/compacttechnology.ro\/?page_id=561"},"modified":"2021-01-25T20:39:56","modified_gmt":"2021-01-25T18:39:56","slug":"benzi-adezive","status":"publish","type":"page","link":"https:\/\/compacttechnology.ro\/en\/benzi-adezive\/","title":{"rendered":"Adhesive Tape"},"content":{"rendered":"<div class=\"wp-block-image\"><figure class=\"aligncenter size-full\"><img loading=\"lazy\" width=\"729\" height=\"120\" src=\"https:\/\/compacttechnology.ro\/wp-content\/uploads\/2021\/01\/02-benzi-adezive.png\" alt=\"\" class=\"wp-image-583\" srcset=\"https:\/\/compacttechnology.ro\/wp-content\/uploads\/2021\/01\/02-benzi-adezive.png 729w, https:\/\/compacttechnology.ro\/wp-content\/uploads\/2021\/01\/02-benzi-adezive-300x49.png 300w, https:\/\/compacttechnology.ro\/wp-content\/uploads\/2021\/01\/02-benzi-adezive-16x3.png 16w\" sizes=\"(max-width: 729px) 100vw, 729px\" \/><\/figure><\/div>\n\n\n\n<p>We offer different qualities and sizes of manual and automatic adhesive tape, as well as tape for handles.<\/p>\n\n\n<!-- Final Tiles Grid Gallery for WordPress v3.4.22 free --><style>#ftg-44 .tile { border: 2px solid #096602; }#ftg-44 .tile .icon { color:#ffffff; }#ftg-44 .ftg-items .loading-bar i { background:#666; }#ftg-44 .ftg-items .loading-bar { background:#fff; }#ftg-44 .tile .icon { font-size:12px; }#ftg-44 .tile .icon { margin: -6px 0 0 -6px; }#ftg-44 .tile .caption-block .text-wrapper span.text { font-size:12px; }#ftg-44 .tile .caption-block .text-wrapper span.title { font-size:14px; }#ftg-44 .tile { background-color: transparent; }#ftg-44 .tile .caption-block .text-wrapper span.text { color: #ffffff; }#ftg-44 .tile .caption-block .text-wrapper span.title { color: #ffffff; }#ftg-44 .tile .ftg-social a { color: #ffffff; }#ftg-44 .tile { border-radius: 5px; }#ftg-44 .tile .caption-block { transition-duration:0.25s; }#ftg-44 .tile .tile-inner:before { background-color: #000000; }#ftg-44 .tile .tile-inner:before { background-color: rgba(0, 0, 0, 0.8); }#ftg-44 .tile:hover img {-moz-transform: ;-webkit-transform: ;-o-transform: ;-ms-transform: ;transform: ;}<\/style><a name='4'><\/a><div class='final-tiles-gallery  ftg-hover-enabled  caption-none caption-middle caption-center' id='ftg-44' style='width:100%'><div class='ftg-items'><div class='loading-bar'><i><\/i><\/div><div  class='tile ftg-preload'><a title=\"Adhesive Tape\" data-lightbox='ftg-44' rel='ftg-44'  class='tile-inner  ftg-lightbox' href='https:\/\/compacttechnology.ro\/wp-content\/uploads\/2021\/01\/Banda-Adeziva-1.png' ><img alt='Band\u0103 Adeziv\u0103' class='item skip-lazy' data-class='item' data-ftg-source='https:\/\/compacttechnology.ro\/wp-content\/uploads\/2021\/01\/Banda-Adeziva-1.png' src='https:\/\/compacttechnology.ro\/wp-content\/uploads\/2021\/01\/Banda-Adeziva-1.png' width='900' height='718' \/><div class='caption-block'><div class='text-wrapper'><span class='title'>Adhesive Tape<\/span><\/div><\/div><\/a><div class='ftg-social'><\/div><\/div><div  class='tile ftg-preload'><a title=\"Manual Adhesive Tape\" data-lightbox='ftg-44' rel='ftg-44'  class='tile-inner  ftg-lightbox' href='https:\/\/compacttechnology.ro\/wp-content\/uploads\/2021\/01\/Banda-Adeziva-Manuala.jpeg' ><img alt='Band\u0103 Adeziv\u0103 Manual\u0103' class='item skip-lazy' data-class='item' data-ftg-source='https:\/\/compacttechnology.ro\/wp-content\/uploads\/2021\/01\/Banda-Adeziva-Manuala.jpeg' src='https:\/\/compacttechnology.ro\/wp-content\/uploads\/2021\/01\/Banda-Adeziva-Manuala.jpeg' width='1000' height='667' \/><div class='caption-block'><div class='text-wrapper'><span class='title'>Manual Adhesive Tape<\/span><\/div><\/div><\/a><div class='ftg-social'><\/div><\/div><div  class='tile ftg-preload'><a title=\"Paper Adhesive Tape\" data-lightbox='ftg-44' rel='ftg-44'  class='tile-inner  ftg-lightbox' href='https:\/\/compacttechnology.ro\/wp-content\/uploads\/2021\/01\/Banda-Adeziva-Automata.jpg' ><img alt='Band\u0103 Adeziv\u0103 de H\u00e2rtie' class='item skip-lazy' data-class='item' data-ftg-source='https:\/\/compacttechnology.ro\/wp-content\/uploads\/2021\/01\/Banda-Adeziva-Automata.jpg' src='https:\/\/compacttechnology.ro\/wp-content\/uploads\/2021\/01\/Banda-Adeziva-Automata.jpg' width='880' height='584' \/><div class='caption-block'><div class='text-wrapper'><span class='title'>Paper Adhesive Tape<\/span><\/div><\/div><\/a><div class='ftg-social'><\/div><\/div><div  class='tile ftg-preload'><a title=\"Handle Tape\" data-lightbox='ftg-44' rel='ftg-44'  class='tile-inner  ftg-lightbox' href='https:\/\/compacttechnology.ro\/wp-content\/uploads\/2021\/01\/Banda-pentru-Manere.jpg' ><img alt='Band\u0103 pentru M\u00e2nere' class='item skip-lazy' data-class='item' data-ftg-source='https:\/\/compacttechnology.ro\/wp-content\/uploads\/2021\/01\/Banda-pentru-Manere.jpg' src='https:\/\/compacttechnology.ro\/wp-content\/uploads\/2021\/01\/Banda-pentru-Manere.jpg' width='1000' height='667' \/><div class='caption-block'><div class='text-wrapper'><span class='title'>Handle Tape<\/span><\/div><\/div><\/a><div class='ftg-social'><\/div><\/div><\/div><\/div><script type='text\/javascript'>jQuery('#ftg-44 img.item').removeAttr('src');jQuery(document).ready(function () {setTimeout(function () {jQuery('#ftg-44').finalTilesGallery({minTileWidth: 250,margin: 15,loadMethod: 'sequential',nonce: '5a59e43af7',galleryId: '4',setupFilters: true,layout: 'columns',debug: false,gridSize: 25,disableGridSizeBelow:250,allowEnlargement: true,columns: [[4000, 6],[1024, 4],[800, 3],[480, 3],[320, 2]],selectedFilter: 'n-a'});jQuery(function () {(function () {var rel = '';jQuery('#ftg-44 .ftg-lightbox').click(function (e) {rel = jQuery(this).attr('rel');jQuery('#ftg-44 .ftg-current').removeClass('ftg-current');jQuery('#ftg-44 [rel=\"'+rel+'\"]').addClass('ftg-current');});})();});}, 0);});<\/script>","protected":false},"excerpt":{"rendered":"<p>V\u0103 oferim diferite calit\u0103\u021bi \u0219i dimensiuni de band\u0103 adeziv\u0103 manual\u0103<span class=\"more-button\"><a href=\"https:\/\/compacttechnology.ro\/en\/benzi-adezive\/\" class=\"more-link\">Continue reading<span class=\"screen-reader-text\">Adhesive Tape<\/span><\/a><\/span><\/p>","protected":false},"author":1,"featured_media":0,"parent":0,"menu_order":0,"comment_status":"closed","ping_status":"closed","template":"templates\/full-width-page.php","meta":[],"yoast_head":"<!-- This site is optimized with the Yoast SEO plugin v15.6.2 - https:\/\/yoast.com\/wordpress\/plugins\/seo\/ -->\n<title>Benzi Adezive - Compact Technology<\/title>\n<meta name=\"description\" content=\"V\u0103 oferim diferite calit\u0103\u021bi \u0219i dimensiuni de band\u0103 adeziv\u0103 manual\u0103 \u0219i automat\u0103, precum \u0219i band\u0103 pentru m\u00e2nere.\" \/>\n<meta name=\"robots\" content=\"index, follow, max-snippet:-1, max-image-preview:large, max-video-preview:-1\" \/>\n<link rel=\"canonical\" href=\"https:\/\/compacttechnology.ro\/en\/benzi-adezive\/\" \/>\n<meta property=\"og:locale\" content=\"en_GB\" \/>\n<meta property=\"og:type\" content=\"article\" \/>\n<meta property=\"og:title\" content=\"Benzi Adezive - Compact Technology\" \/>\n<meta property=\"og:description\" content=\"V\u0103 oferim diferite calit\u0103\u021bi \u0219i dimensiuni de band\u0103 adeziv\u0103 manual\u0103 \u0219i automat\u0103, precum \u0219i band\u0103 pentru m\u00e2nere.\" \/>\n<meta property=\"og:url\" content=\"https:\/\/compacttechnology.ro\/en\/benzi-adezive\/\" \/>\n<meta property=\"og:site_name\" content=\"Compact Technology\" \/>\n<meta property=\"article:modified_time\" content=\"2021-01-25T18:39:56+00:00\" \/>\n<meta property=\"og:image\" content=\"https:\/\/compacttechnology.ro\/wp-content\/uploads\/2021\/01\/02-benzi-adezive.png\" \/>\n<meta name=\"twitter:card\" content=\"summary_large_image\" \/>\n<meta name=\"twitter:label1\" content=\"Estimated reading time\">\n\t<meta name=\"twitter:data1\" content=\"1 minute\">\n<script type=\"application\/ld+json\" class=\"yoast-schema-graph\">{\"@context\":\"https:\/\/schema.org\",\"@graph\":[{\"@type\":\"Organization\",\"@id\":\"https:\/\/compacttechnology.ro\/en\/#organization\",\"name\":\"Compact Technology\",\"url\":\"https:\/\/compacttechnology.ro\/en\/\",\"sameAs\":[],\"logo\":{\"@type\":\"ImageObject\",\"@id\":\"https:\/\/compacttechnology.ro\/en\/#logo\",\"inLanguage\":\"en-GB\",\"url\":\"https:\/\/compacttechnology.ro\/wp-content\/uploads\/2021\/01\/large-no-bg.png\",\"width\":1300,\"height\":350,\"caption\":\"Compact Technology\"},\"image\":{\"@id\":\"https:\/\/compacttechnology.ro\/en\/#logo\"}},{\"@type\":\"WebSite\",\"@id\":\"https:\/\/compacttechnology.ro\/en\/#website\",\"url\":\"https:\/\/compacttechnology.ro\/en\/\",\"name\":\"Compact Technology\",\"description\":\"Simply Stretched\",\"publisher\":{\"@id\":\"https:\/\/compacttechnology.ro\/en\/#organization\"},\"potentialAction\":[{\"@type\":\"SearchAction\",\"target\":\"https:\/\/compacttechnology.ro\/en\/?s={search_term_string}\",\"query-input\":\"required name=search_term_string\"}],\"inLanguage\":\"en-GB\"},{\"@type\":\"ImageObject\",\"@id\":\"https:\/\/compacttechnology.ro\/benzi-adezive\/#primaryimage\",\"inLanguage\":\"en-GB\",\"url\":\"https:\/\/compacttechnology.ro\/wp-content\/uploads\/2021\/01\/02-benzi-adezive.png\",\"width\":729,\"height\":120},{\"@type\":\"WebPage\",\"@id\":\"https:\/\/compacttechnology.ro\/benzi-adezive\/#webpage\",\"url\":\"https:\/\/compacttechnology.ro\/benzi-adezive\/\",\"name\":\"Benzi Adezive - Compact Technology\",\"isPartOf\":{\"@id\":\"https:\/\/compacttechnology.ro\/en\/#website\"},\"primaryImageOfPage\":{\"@id\":\"https:\/\/compacttechnology.ro\/benzi-adezive\/#primaryimage\"},\"datePublished\":\"2021-01-19T14:14:00+00:00\",\"dateModified\":\"2021-01-25T18:39:56+00:00\",\"description\":\"V\\u0103 oferim diferite calit\\u0103\\u021bi \\u0219i dimensiuni de band\\u0103 adeziv\\u0103 manual\\u0103 \\u0219i automat\\u0103, precum \\u0219i band\\u0103 pentru m\\u00e2nere.\",\"inLanguage\":\"en-GB\",\"potentialAction\":[{\"@type\":\"ReadAction\",\"target\":[\"https:\/\/compacttechnology.ro\/benzi-adezive\/\"]}]}]}<\/script>\n<!-- \/ Yoast SEO plugin. -->","_links":{"self":[{"href":"https:\/\/compacttechnology.ro\/en\/wp-json\/wp\/v2\/pages\/561"}],"collection":[{"href":"https:\/\/compacttechnology.ro\/en\/wp-json\/wp\/v2\/pages"}],"about":[{"href":"https:\/\/compacttechnology.ro\/en\/wp-json\/wp\/v2\/types\/page"}],"author":[{"embeddable":true,"href":"https:\/\/compacttechnology.ro\/en\/wp-json\/wp\/v2\/users\/1"}],"replies":[{"embeddable":true,"href":"https:\/\/compacttechnology.ro\/en\/wp-json\/wp\/v2\/comments?post=561"}],"version-history":[{"count":6,"href":"https:\/\/compacttechnology.ro\/en\/wp-json\/wp\/v2\/pages\/561\/revisions"}],"predecessor-version":[{"id":615,"href":"https:\/\/compacttechnology.ro\/en\/wp-json\/wp\/v2\/pages\/561\/revisions\/615"}],"wp:attachment":[{"href":"https:\/\/compacttechnology.ro\/en\/wp-json\/wp\/v2\/media?parent=561"}],"curies":[{"name":"wp","href":"https:\/\/api.w.org\/{rel}","templated":true}]}}