{"id":565,"date":"2021-01-19T16:34:07","date_gmt":"2021-01-19T14:34:07","guid":{"rendered":"https:\/\/compacttechnology.ro\/?page_id=565"},"modified":"2021-01-25T20:44:35","modified_gmt":"2021-01-25T18:44:35","slug":"stabilizarea-marfii","status":"publish","type":"page","link":"https:\/\/compacttechnology.ro\/en\/stabilizarea-marfii\/","title":{"rendered":"Merchandise Stability"},"content":{"rendered":"<div class=\"wp-block-image\"><figure class=\"aligncenter size-full\"><img loading=\"lazy\" width=\"729\" height=\"120\" src=\"https:\/\/compacttechnology.ro\/wp-content\/uploads\/2021\/01\/02-stabilizarea-marfii.png\" alt=\"\" class=\"wp-image-581\" srcset=\"https:\/\/compacttechnology.ro\/wp-content\/uploads\/2021\/01\/02-stabilizarea-marfii.png 729w, https:\/\/compacttechnology.ro\/wp-content\/uploads\/2021\/01\/02-stabilizarea-marfii-300x49.png 300w, https:\/\/compacttechnology.ro\/wp-content\/uploads\/2021\/01\/02-stabilizarea-marfii-16x3.png 16w\" sizes=\"(max-width: 729px) 100vw, 729px\" \/><\/figure><\/div>\n\n\n\n<p>Products for stabilizing the products during transport: air bags, elastic bands, textile straps, plastic collars, PET, PP, EPS binding tape.<\/p>\n\n\n<!-- Final Tiles Grid Gallery for WordPress v3.4.22 free --><style>#ftg-66 .tile { border: 2px solid #096602; }#ftg-66 .tile .icon { color:#ffffff; }#ftg-66 .ftg-items .loading-bar i { background:#666; }#ftg-66 .ftg-items .loading-bar { background:#fff; }#ftg-66 .tile .icon { font-size:12px; }#ftg-66 .tile .icon { margin: -6px 0 0 -6px; }#ftg-66 .tile .caption-block .text-wrapper span.text { font-size:12px; }#ftg-66 .tile .caption-block .text-wrapper span.title { font-size:14px; }#ftg-66 .tile { background-color: transparent; }#ftg-66 .tile .caption-block .text-wrapper span.text { color: #ffffff; }#ftg-66 .tile .caption-block .text-wrapper span.title { color: #ffffff; }#ftg-66 .tile .ftg-social a { color: #ffffff; }#ftg-66 .tile { border-radius: 5px; }#ftg-66 .tile .caption-block { transition-duration:0.25s; }#ftg-66 .tile .tile-inner:before { background-color: #000000; }#ftg-66 .tile .tile-inner:before { background-color: rgba(0, 0, 0, 0.8); }#ftg-66 .tile:hover img {-moz-transform: ;-webkit-transform: ;-o-transform: ;-ms-transform: ;transform: ;}<\/style><a name='6'><\/a><div class='final-tiles-gallery  ftg-hover-enabled  caption-none caption-middle caption-center' id='ftg-66' style='width:100%'><div class='ftg-items'><div class='loading-bar'><i><\/i><\/div><div  class='tile ftg-preload'><a title=\"Binding Tape\" data-lightbox='ftg-66' rel='ftg-66'  class='tile-inner  ftg-lightbox' href='https:\/\/compacttechnology.ro\/wp-content\/uploads\/2021\/01\/Benzi-Elastice.jpg' ><img alt='Benzi Elastice' class='item skip-lazy' data-class='item' data-ftg-source='https:\/\/compacttechnology.ro\/wp-content\/uploads\/2021\/01\/Benzi-Elastice.jpg' src='https:\/\/compacttechnology.ro\/wp-content\/uploads\/2021\/01\/Benzi-Elastice.jpg' width='580' height='384' \/><div class='caption-block'><div class='text-wrapper'><span class='title'>Binding Tape<\/span><\/div><\/div><\/a><div class='ftg-social'><\/div><\/div><div  class='tile ftg-preload'><a title=\"Inflatable Bags\" data-lightbox='ftg-66' rel='ftg-66'  class='tile-inner  ftg-lightbox' href='https:\/\/compacttechnology.ro\/wp-content\/uploads\/2021\/01\/Saci-Gonflabili.jpg' ><img alt='Saci Gonflabili' class='item skip-lazy' data-class='item' data-ftg-source='https:\/\/compacttechnology.ro\/wp-content\/uploads\/2021\/01\/Saci-Gonflabili.jpg' src='https:\/\/compacttechnology.ro\/wp-content\/uploads\/2021\/01\/Saci-Gonflabili.jpg' width='750' height='1000' \/><div class='caption-block'><div class='text-wrapper'><span class='title'>Inflatable Bags<\/span><\/div><\/div><\/a><div class='ftg-social'><\/div><\/div><div  class='tile ftg-preload'><a title=\"Inflatable Bags\" data-lightbox='ftg-66' rel='ftg-66'  class='tile-inner  ftg-lightbox' href='https:\/\/compacttechnology.ro\/wp-content\/uploads\/2021\/01\/Pungi-Gongflabile-1024x683.jpeg' ><img alt='Pungi Gongflabile' class='item skip-lazy' data-class='item' data-ftg-source='https:\/\/compacttechnology.ro\/wp-content\/uploads\/2021\/01\/Pungi-Gongflabile-1024x683.jpeg' src='https:\/\/compacttechnology.ro\/wp-content\/uploads\/2021\/01\/Pungi-Gongflabile-1024x683.jpeg' width='1024' height='683' \/><div class='caption-block'><div class='text-wrapper'><span class='title'>Inflatable Bags<\/span><\/div><\/div><\/a><div class='ftg-social'><\/div><\/div><div  class='tile ftg-preload'><a title=\"Nylon Cable Ties\" data-lightbox='ftg-66' rel='ftg-66'  class='tile-inner  ftg-lightbox' href='https:\/\/compacttechnology.ro\/wp-content\/uploads\/2021\/01\/Coliere-Plastic.jpg' ><img alt='Coliere Plastic' class='item skip-lazy' data-class='item' data-ftg-source='https:\/\/compacttechnology.ro\/wp-content\/uploads\/2021\/01\/Coliere-Plastic.jpg' src='https:\/\/compacttechnology.ro\/wp-content\/uploads\/2021\/01\/Coliere-Plastic.jpg' width='1000' height='667' \/><div class='caption-block'><div class='text-wrapper'><span class='title'>Nylon Cable Ties<\/span><\/div><\/div><\/a><div class='ftg-social'><\/div><\/div><div  class='tile ftg-preload'><a title=\"Textile Straps\" data-lightbox='ftg-66' rel='ftg-66'  class='tile-inner  ftg-lightbox' href='https:\/\/compacttechnology.ro\/wp-content\/uploads\/2021\/01\/Chingi-Textile.png' ><img alt='Chingi Textile' class='item skip-lazy' data-class='item' data-ftg-source='https:\/\/compacttechnology.ro\/wp-content\/uploads\/2021\/01\/Chingi-Textile.png' src='https:\/\/compacttechnology.ro\/wp-content\/uploads\/2021\/01\/Chingi-Textile.png' width='485' height='459' \/><div class='caption-block'><div class='text-wrapper'><span class='title'>Textile Straps<\/span><\/div><\/div><\/a><div class='ftg-social'><\/div><\/div><div  class='tile ftg-preload'><a title=\"PET Binding Band\" data-lightbox='ftg-66' rel='ftg-66'  class='tile-inner  ftg-lightbox' href='https:\/\/compacttechnology.ro\/wp-content\/uploads\/2021\/01\/Banda-de-Legat-PET-PES.jpg' ><img alt='Band\u0103 de Legat PET' class='item skip-lazy' data-class='item' data-ftg-source='https:\/\/compacttechnology.ro\/wp-content\/uploads\/2021\/01\/Banda-de-Legat-PET-PES.jpg' src='https:\/\/compacttechnology.ro\/wp-content\/uploads\/2021\/01\/Banda-de-Legat-PET-PES.jpg' width='600' height='600' \/><div class='caption-block'><div class='text-wrapper'><span class='title'>PET Binding Band<\/span><\/div><\/div><\/a><div class='ftg-social'><\/div><\/div><div  class='tile ftg-preload'><a title=\"PES Binding Band\" data-lightbox='ftg-66' rel='ftg-66'  class='tile-inner  ftg-lightbox' href='https:\/\/compacttechnology.ro\/wp-content\/uploads\/2021\/01\/vestil-package-handling-band-92-64_1000.jpg' ><img alt='Band\u0103 de Legat PES' class='item skip-lazy' data-class='item' data-ftg-source='https:\/\/compacttechnology.ro\/wp-content\/uploads\/2021\/01\/vestil-package-handling-band-92-64_1000.jpg' src='https:\/\/compacttechnology.ro\/wp-content\/uploads\/2021\/01\/vestil-package-handling-band-92-64_1000.jpg' width='1000' height='1000' \/><div class='caption-block'><div class='text-wrapper'><span class='title'>PES Binding Band<\/span><\/div><\/div><\/a><div class='ftg-social'><\/div><\/div><div  class='tile ftg-preload'><a title=\"PP Binding Band\" data-lightbox='ftg-66' rel='ftg-66'  class='tile-inner  ftg-lightbox' href='https:\/\/compacttechnology.ro\/wp-content\/uploads\/2021\/01\/Banda-de-Legat-PP.jpg' ><img alt='Band\u0103 de Legat PP' class='item skip-lazy' data-class='item' data-ftg-source='https:\/\/compacttechnology.ro\/wp-content\/uploads\/2021\/01\/Banda-de-Legat-PP.jpg' src='https:\/\/compacttechnology.ro\/wp-content\/uploads\/2021\/01\/Banda-de-Legat-PP.jpg' width='800' height='800' \/><div class='caption-block'><div class='text-wrapper'><span class='title'>PP Binding Band<\/span><\/div><\/div><\/a><div class='ftg-social'><\/div><\/div><\/div><\/div><script type='text\/javascript'>jQuery('#ftg-66 img.item').removeAttr('src');jQuery(document).ready(function () {setTimeout(function () {jQuery('#ftg-66').finalTilesGallery({minTileWidth: 250,margin: 15,loadMethod: 'sequential',nonce: '5a59e43af7',galleryId: '6',setupFilters: true,layout: 'columns',debug: false,gridSize: 25,disableGridSizeBelow:250,allowEnlargement: true,columns: [[4000, 6],[1024, 4],[800, 3],[480, 3],[320, 2]],selectedFilter: 'n-a'});jQuery(function () {(function () {var rel = '';jQuery('#ftg-66 .ftg-lightbox').click(function (e) {rel = jQuery(this).attr('rel');jQuery('#ftg-66 .ftg-current').removeClass('ftg-current');jQuery('#ftg-66 [rel=\"'+rel+'\"]').addClass('ftg-current');});})();});}, 0);});<\/script>","protected":false},"excerpt":{"rendered":"<p>Produse pentru stabilizarea m\u0103rfurilor \u00een timpul transportului: saci gonflabili, pungi<span class=\"more-button\"><a href=\"https:\/\/compacttechnology.ro\/en\/stabilizarea-marfii\/\" class=\"more-link\">Continue reading<span class=\"screen-reader-text\">Merchandise Stability<\/span><\/a><\/span><\/p>","protected":false},"author":1,"featured_media":0,"parent":0,"menu_order":0,"comment_status":"closed","ping_status":"closed","template":"templates\/full-width-page.php","meta":[],"yoast_head":"<!-- This site is optimized with the Yoast SEO plugin v15.6.2 - https:\/\/yoast.com\/wordpress\/plugins\/seo\/ -->\n<title>Stabilizarea M\u0103rfii - Compact Technology<\/title>\n<meta name=\"description\" content=\"Produse pentru stabilizarea m\u0103rfurilor \u00een timpul transportului: saci gonflabili, pungi gonflabile, benzi elastice, chingi textile, coliere plastic, band\u0103 de legat PET, PP, PES.\" \/>\n<meta name=\"robots\" content=\"index, follow, max-snippet:-1, max-image-preview:large, max-video-preview:-1\" \/>\n<link rel=\"canonical\" href=\"https:\/\/compacttechnology.ro\/en\/stabilizarea-marfii\/\" \/>\n<meta property=\"og:locale\" content=\"en_GB\" \/>\n<meta property=\"og:type\" content=\"article\" \/>\n<meta property=\"og:title\" content=\"Stabilizarea M\u0103rfii - Compact Technology\" \/>\n<meta property=\"og:description\" content=\"Produse pentru stabilizarea m\u0103rfurilor \u00een timpul transportului: saci gonflabili, pungi gonflabile, benzi elastice, chingi textile, coliere plastic, band\u0103 de legat PET, PP, PES.\" \/>\n<meta property=\"og:url\" content=\"https:\/\/compacttechnology.ro\/en\/stabilizarea-marfii\/\" \/>\n<meta property=\"og:site_name\" content=\"Compact Technology\" \/>\n<meta property=\"article:modified_time\" content=\"2021-01-25T18:44:35+00:00\" \/>\n<meta property=\"og:image\" content=\"https:\/\/compacttechnology.ro\/wp-content\/uploads\/2021\/01\/02-stabilizarea-marfii.png\" \/>\n<meta name=\"twitter:card\" content=\"summary_large_image\" \/>\n<meta name=\"twitter:label1\" content=\"Estimated reading time\">\n\t<meta name=\"twitter:data1\" content=\"1 minute\">\n<script type=\"application\/ld+json\" class=\"yoast-schema-graph\">{\"@context\":\"https:\/\/schema.org\",\"@graph\":[{\"@type\":\"Organization\",\"@id\":\"https:\/\/compacttechnology.ro\/en\/#organization\",\"name\":\"Compact Technology\",\"url\":\"https:\/\/compacttechnology.ro\/en\/\",\"sameAs\":[],\"logo\":{\"@type\":\"ImageObject\",\"@id\":\"https:\/\/compacttechnology.ro\/en\/#logo\",\"inLanguage\":\"en-GB\",\"url\":\"https:\/\/compacttechnology.ro\/wp-content\/uploads\/2021\/01\/large-no-bg.png\",\"width\":1300,\"height\":350,\"caption\":\"Compact Technology\"},\"image\":{\"@id\":\"https:\/\/compacttechnology.ro\/en\/#logo\"}},{\"@type\":\"WebSite\",\"@id\":\"https:\/\/compacttechnology.ro\/en\/#website\",\"url\":\"https:\/\/compacttechnology.ro\/en\/\",\"name\":\"Compact Technology\",\"description\":\"Simply Stretched\",\"publisher\":{\"@id\":\"https:\/\/compacttechnology.ro\/en\/#organization\"},\"potentialAction\":[{\"@type\":\"SearchAction\",\"target\":\"https:\/\/compacttechnology.ro\/en\/?s={search_term_string}\",\"query-input\":\"required name=search_term_string\"}],\"inLanguage\":\"en-GB\"},{\"@type\":\"ImageObject\",\"@id\":\"https:\/\/compacttechnology.ro\/en\/stabilizarea-marfii\/#primaryimage\",\"inLanguage\":\"en-GB\",\"url\":\"https:\/\/compacttechnology.ro\/wp-content\/uploads\/2021\/01\/02-stabilizarea-marfii.png\",\"width\":729,\"height\":120},{\"@type\":\"WebPage\",\"@id\":\"https:\/\/compacttechnology.ro\/en\/stabilizarea-marfii\/#webpage\",\"url\":\"https:\/\/compacttechnology.ro\/en\/stabilizarea-marfii\/\",\"name\":\"Stabilizarea M\\u0103rfii - Compact Technology\",\"isPartOf\":{\"@id\":\"https:\/\/compacttechnology.ro\/en\/#website\"},\"primaryImageOfPage\":{\"@id\":\"https:\/\/compacttechnology.ro\/en\/stabilizarea-marfii\/#primaryimage\"},\"datePublished\":\"2021-01-19T14:34:07+00:00\",\"dateModified\":\"2021-01-25T18:44:35+00:00\",\"description\":\"Produse pentru stabilizarea m\\u0103rfurilor \\u00een timpul transportului: saci gonflabili, pungi gonflabile, benzi elastice, chingi textile, coliere plastic, band\\u0103 de legat PET, PP, PES.\",\"inLanguage\":\"en-GB\",\"potentialAction\":[{\"@type\":\"ReadAction\",\"target\":[\"https:\/\/compacttechnology.ro\/en\/stabilizarea-marfii\/\"]}]}]}<\/script>\n<!-- \/ Yoast SEO plugin. -->","_links":{"self":[{"href":"https:\/\/compacttechnology.ro\/en\/wp-json\/wp\/v2\/pages\/565"}],"collection":[{"href":"https:\/\/compacttechnology.ro\/en\/wp-json\/wp\/v2\/pages"}],"about":[{"href":"https:\/\/compacttechnology.ro\/en\/wp-json\/wp\/v2\/types\/page"}],"author":[{"embeddable":true,"href":"https:\/\/compacttechnology.ro\/en\/wp-json\/wp\/v2\/users\/1"}],"replies":[{"embeddable":true,"href":"https:\/\/compacttechnology.ro\/en\/wp-json\/wp\/v2\/comments?post=565"}],"version-history":[{"count":6,"href":"https:\/\/compacttechnology.ro\/en\/wp-json\/wp\/v2\/pages\/565\/revisions"}],"predecessor-version":[{"id":588,"href":"https:\/\/compacttechnology.ro\/en\/wp-json\/wp\/v2\/pages\/565\/revisions\/588"}],"wp:attachment":[{"href":"https:\/\/compacttechnology.ro\/en\/wp-json\/wp\/v2\/media?parent=565"}],"curies":[{"name":"wp","href":"https:\/\/api.w.org\/{rel}","templated":true}]}}