{"id":635,"date":"2024-01-10T17:22:13","date_gmt":"2024-01-10T15:22:13","guid":{"rendered":"https:\/\/compacttechnology.ro\/?page_id=635"},"modified":"2024-01-10T17:58:45","modified_gmt":"2024-01-10T15:58:45","slug":"politica-de-confidentialitate","status":"publish","type":"page","link":"https:\/\/compacttechnology.ro\/en\/politica-de-confidentialitate\/","title":{"rendered":"Privacy Policy"},"content":{"rendered":"<p><strong>COMPACT TECHNOLOGY<\/strong> este implicat\u0103 \u00een protejarea datelor cu caracter personal ale partenerilor s\u0103i. Av\u00e2nd \u00een vedere introducerea Regulamentului General privind protec\u021bia datelor (GDPR) \u00eencep\u00e2nd cu 25.05.2018, v\u0103 asigur\u0103m c\u0103 societatea <strong>COMPACT TECHNOLOGY SRL<\/strong> va respecta cu stricte\u021be toate regulile nou introduse, datele dumneavoastr\u0103 personale fiind \u00een siguran\u021b\u0103! \u00cen acest scop <strong>COMPACT TECHNOLOGY SRL<\/strong> a redactat o politic\u0103 privind confidentialitatea datelor pe care o puteti reg\u0103si mai jos \u0219i \u00een care, vom explica toate aspectele cu privire la prelucrarea datelor cu caracter personal prin care v\u0103 asigur\u0103m de respectarea tuturor principiilor referitoare la prelucrare, stabilite de legislatia \u00een vigoare, precum \u0219i de Regulamentul 679\/2016.<\/p>\n\n\n\n<p>Politica <strong>COMPACT TECHNOLOGY SRL<\/strong> se refer\u0103 la prelucrarea datelor personale furnizate de c\u0103tre clien\u021bi sau utilizatori ai site-ului, \u00een scopul \u00eendeplinirii condi\u021biilor comerciale\/contractuale de facturare, livrare, oferite \u00een format scris la sediul societ\u0103\u021bii din Timi\u0219oara. <strong>COMPACT TECHNOLOGY SRL<\/strong>, nu r\u0103spunde pentru politica de confiden\u021bialitate practicat\u0103 de ter\u021bi, la care se poate ajunge prin leg\u0103turi de orice natur\u0103. V\u0103 asigur\u0103m c\u0103 toate datele cu caracter personal prelucrate de <strong>COMPACT TECHNOLOGY SRL<\/strong>, sunt:<\/p>\n\n\n\n<ul><li>Prelucrate \u00een mod legal, echitabil \u0219i transparent<\/li><li>Colectate \u00een scopuri determinate, explicite \u0219i legitime \u0219i nu sunt prelucrate ulterior \u00eentr-un mod incompatibil cu aceste scopuri<\/li><li>Adecvate, relevante \u0219i limitate la ceea ce este necesar \u00een raport cu scopurile \u00een care sunt prelucrate<\/li><li>Exacte, iar \u00een cazul \u00een care va fi necesar s\u0103 fie actualizate vom lua toate m\u0103surile necesare pentru a ne asigura c\u0103 datele cu caracter personal, sau dispropor\u021bionale cu scopul propus, vor fi \u0219terse sau rectificate, la solicitarea persoanelor vizate, \u00een cel mai scurt timp conform procedurilor interne ale societ\u0103\u021bii \u0219i ale reglement\u0103rilor legale \u00een vigoare<\/li><li>P\u0103strate \u00eentr-o form\u0103 care permite identificarea dumneavoastr\u0103 pe o perioad\u0103 care nu dep\u0103\u0219e\u0219te perioada necesar\u0103 \u00eendeplinirii scopurilor \u00een care sunt prelucrate datele<\/li><li>Prelucrate \u00eentr-un mod care asigur\u0103 securitatea adecvat\u0103, inclusiv protec\u021bia \u00eempotriva prelucr\u0103rii neautorizate sau ilegale, ale pierderii, a distrugerii, a deteriorarii accidentale prin luarea de m\u0103suri tehnice sau organizatorice corespunz\u0103toare.<\/li><\/ul>\n\n\n\n<p>Politica de confiden\u021balitate a datelor din cadrul <strong>COMPACT TECHNOLOGY SRL<\/strong> este actualizat\u0103 periodic pentru a asigura o bun\u0103 transparen\u021b\u0103 datelor cu caracter personal colectate \u0219i vom informa clien\u021bii \u0219i colaboratorii no\u0219tri asupra oric\u0103ror modific\u0103ri ce apar privind acest aspect.<\/p>\n\n\n\n<h3>Scopul prelucr\u0103rii datelor cu caracter personal<\/h3>\n\n\n\n<p>Datele cu caracter personal sunt prelucrate de <strong>COMPACT TECHNOLOGY SRL<\/strong>, \u00een urm\u0103toarele scopuri:<\/p>\n\n\n\n<ul><li>datele cu caracter personal sunt prelucrate \u00een scopul \u00eendeplinirii \u00een bune condi\u021bii a contractelor comerciale, facturare, livrare marf\u0103, eviden\u021b\u0103 plat\u0103 \u0219i, vor fi prelucrate pe \u00eentreaga durat\u0103 de valabilitate a contractului \u00eencheiat de p\u0103r\u021bi, precum \u0219i ulterior pe o perioada de 5 ani conform dispozi\u021biilor legale \u00een vigoare (codul fiscal).<\/li><\/ul>\n\n\n\n<p><strong>COMPACT TECHNOLOGY SRL<\/strong>, colecteaz\u0103 date cu caracter personal \u00een scopul mai sus declarat, precum \u0219i \u00een scopul \u00eentocmirii eviden\u021belor necesare activit\u0103\u021bii societ\u0103\u021bii, stocare \u0219i arhivare pe o perioad\u0103 determinat\u0103 \u0219i\/sau conform consim\u021b\u0103m\u00e2ntului liber exprimat al fiec\u0103rei persoane a c\u0103rei date se proceseaz\u0103 \u0219i, \u00een conformitate cu politica intern\u0103 a societ\u0103\u021bii. Utilizatorii, personele fizice a caror date cu caracter personal sunt prelucrate pe baza de consim\u021b\u0103m\u00e2nt, \u00ee\u0219i pot retrage consim\u021b\u0103m\u00e2ntul, \u00een orice moment iar, acest lucru nu va afecta prelucrarea realizat\u0103 anterior. Retragerea consim\u021b\u0103m\u00e2ntului se va putea realiza printr-o cerere scris\u0103 \u00eenregistrat\u0103 la sediul societ\u0103\u021bii sau transmis\u0103 la adesa de e-mail <strong>office@compacttechnology.ro<\/strong>.<\/p>\n\n\n\n<h3>Ce tipuri de date colectam ?<\/h3>\n\n\n\n<p>Colect\u0103m datele dumneavoastr\u0103 cu caracter personal,\u00eein primul r\u00e2nd, pentru a facilita parteneriatul \u00eencheiat cu <strong>COMPACT TECHNOLOGY SRL<\/strong>, pentru a lua m\u0103suri de rezolvare a solicit\u0103rilor dumneavoastr\u0103, comenzi, livrare produse, facturare, inclusiv prin transmiterea acestora c\u0103tre ter\u021bii cu care avem rela\u021bii contractuale, respectiv societ\u0103\u021bi de curierat pentru livrare, servicii IT, institu\u021biile statului, toate acestea fiind reglementate distinct, asigur\u00e2ndu-v\u0103 confiden\u021bialitatea \u0219i securitatea informa\u021biilor transmise. Datele minime necesare a fi colectate \u00een vederea realiz\u0103rii acestui scop sunt:<br><br>Date personale: nume, prenume, telefon, adres\u0103 de livrare<\/p>\n\n\n\n<p>\u00cen cazul \u00een care alege\u021bi s\u0103 nu furniza\u021bi date care sunt necesare \u00eendeplinirii scopului propus, exist\u0103 posibilitatea s\u0103 nu putem duce la \u00eendeplinire angajamantele luate prin termenii contractuali asuma\u021bi. Persoanele fizice a c\u0103ror date cu caracter personal sunt colectate se pot opune colect\u0103rii acestor date personale \u0219i, s\u0103 solicite \u0219tergerea acestora, revoc\u00e2nd astfel acordul dat pentru prelucrare \u0219i renun\u021b\u00e2nd la orice drept implicit acestui acord, f\u0103r\u0103 nici o obliga\u021bie ulterioar\u0103 a vreunei p\u0103r\u021bi fa\u021b\u0103 de cealalt\u0103 parte \u0219i f\u0103r\u0103 ca vreo parte s\u0103 poat\u0103 pretinde celeilalte p\u0103r\u021bi daune interse \u00een orice moment.<\/p>\n\n\n\n<p>Pentru exercitarea drepturilor sale, conform legisla\u021biei \u00een vigoare, precum \u0219i pentru modificarea informa\u021biilor pe care le-a transmis ini\u021bial, persoanele interesate se pot adresa <strong>COMPACT TECHNOLOGY SRL<\/strong>, conform datelor de contact disponibile pentru sediu sau la adresa de e-mail <strong>office@compacttechnology.ro<\/strong>.<\/p>\n\n\n\n<p><strong>COMPACT TECHNOLOGY SRL<\/strong>, se oblig\u0103 ca datele colectate s\u0103 fie folosite numai \u00een conformitate cu scopul declarat \u0219i s\u0103 nu fac\u0103 public\u0103, s\u0103 v\u00e2nd\u0103, s\u0103 \u00eenchirieze, licen\u021bieze, transfere, etc. baza de date con\u021bin\u00e2nd informa\u021bii referitoare la datele cu caracter personal sau speciale ale utilizatorilor\/clien\u021bilor s\u0103i cptre vreun ter\u021b neimplicat \u00een \u00eendeplinirea scopurilor declarate, cu excep\u021bia cazului \u00een care acestea sunt solicitate de c\u0103tre institu\u021bii abilitate ale statului. Datele dumneavoastr\u0103 personale pe care le colect\u0103m, procesam \u0219i stoc\u0103m, nu vor fi colectate mai \u00eenainte s\u0103:<\/p>\n\n\n\n<ul><li>v\u0103 inform\u0103m asupra scopului pentru care realiz\u0103m prelucrarea datelor cu caracter personal<\/li><li>prelucrarea s\u0103 fie necesar\u0103 pentru realizarea unui contract la care \u0219i dumneavoastr\u0103 sunte\u021bi parte interesat\u0103<\/li><li>prelucrarea s\u0103 fie necesar\u0103 pentru \u00eendeplinirea unei obliga\u021bii legale care ne revine<\/li><li>prelucrarea s\u0103 fie necesar\u0103 \u00een scopul intereselor legitime urm\u0103rite de noi sau de o ter\u021b\u0103 parte, cu excep\u021bia cazului \u00een care prevaleaz\u0103 interesele sau drepturile \u0219i libert\u0103\u021bile fundamentale ale dumneavoastr\u0103 care necesit\u0103 protejarea datelor cu caracter personal, \u00een special atunci c\u00e2nd este vorba de datele personale ale minorilor sau direct marketing.<\/li><\/ul>\n\n\n\n<h3>Drepturile utilizatorului<\/h3>\n\n\n\n<p>\u00cen calitate de utilizator, client, colaborator al <strong>COMPACT TECHNOLOGY SRL<\/strong>, v\u0103 sunt garantate urm\u0103toarele drepturi, privind prelucrarea datelor cu caracter personal, prev\u0103zute de Regulamentul 679\/2016 \u0219i legilor \u00een vigoare aplicabile.<br><br>\u2022 dreptul la informare<br>\u2022 dreptul la acces la date<br>\u2022 dreptul de interven\u021bie<br>\u2022 dreptul de opozi\u021bie<br>\u2022 dreptul de a nu fi supus unei decizii individuale<br>\u2022 dreptul de a se adresa justi\u021biei<br>\u2022 dreptul s\u0103 fac\u0103 pl\u00e2ngere la autoritatea de supraveghere<\/p>\n\n\n\n<p>\u00cen vederea exercit\u0103rii drepturilor mai sus prev\u0103zute utilizatorul va \u00eenainta c\u0103tre <strong>COMPACT TECHNOLOGY SRL<\/strong> o cerere \u00eentocmit\u0103 \u00een form\u0103 scris\u0103, datat\u0103 \u0219i semnat\u0103, \u00een care poate ar\u0103ta dac\u0103 dore\u0219te ca informa\u021biile s\u0103 \u00eei fie comunicate la o anumit\u0103 adres\u0103, care poate fi \u0219i de po\u0219t\u0103 electronic\u0103, sau printr-un serviciu de coresponden\u021b\u0103 care s\u0103 asigure c\u0103 predarea i se va face numai personal.<\/p>\n\n\n\n<h3>M\u0103suri tehnice \u0219i organizatorice privind securitatea datelor personale<\/h3>\n\n\n\n<p><strong>COMPACT TECHNOLOGY SRL<\/strong>, asigur\u0103 securitatea \u0219i confiden\u021bialitatea informa\u021biilor, consider\u00e2nd-o o obliga\u021bie prioritar\u0103 \u00een cadrul serviciilor oferite clien\u021bilor. \u00cen acest sens, societatea prin persoanele desemnate, va asigura c\u0103, informa\u021biile furnizate pe parcursul derul\u0103rii rela\u021biilor comerciale \u00een raport cu societatea <strong>COMPACT TECHNOLOGY SRL<\/strong>, r\u0103m\u00e2n <strong>STRICT CONFIDEN\u021aIALE<\/strong> \u0219i, sunt p\u0103strate \u00een baza de date a societ\u0103\u021bii, pe perioada specificat\u0103 prin politica intern\u0103 a societ\u0103\u021bii corelat\u0103 cu consim\u021b\u0103m\u00e2ntului liber exprimat al fiec\u0103rei persoane vizate, sunt protejate prin toate mecanismele de protec\u021bie ale sistemului de operare \u0219i ale bazei de date (parole, alte mecanisme\/programe de securitate a bazei de date). Accesul la datele cu caracter personal este limitat \u0219i este reglemantat prin politici \u0219i proceduri de securitate a informa\u021biei, ce garanteaz\u0103 faptul c\u0103 datele dumneavoastr\u0103 nu vor putea fi accesate, preluate sau modificate de c\u0103tre alte persoane, \u00een afara persoanelor autorizate care folosesc aceste date strict \u00een scopul mai sus precizat.<\/p>\n\n\n\n<p>De asemenea <strong>COMPACT TECHNOLOGY SRL<\/strong> a luat toate m\u0103surile tehnice \u0219i organizatorice adecvate pentru protejarea datelor dumneavoastr\u0103 cu caracter personal, \u00eempotriva distrugerii accidentale sau ilegale, pierderii, modific\u0103rii, dezv\u0103luirii sau accesului neautorizat.<\/p>\n\n\n\n<p class=\"has-text-align-right\"><strong>VERSIUNE ACTUALIZATA 2022<\/strong><\/p>","protected":false},"excerpt":{"rendered":"<p>COMPACT TECHNOLOGY este implicat\u0103 \u00een protejarea datelor cu caracter personal<span class=\"more-button\"><a href=\"https:\/\/compacttechnology.ro\/en\/politica-de-confidentialitate\/\" class=\"more-link\">Continue reading<span class=\"screen-reader-text\">Privacy Policy<\/span><\/a><\/span><\/p>","protected":false},"author":1,"featured_media":0,"parent":0,"menu_order":0,"comment_status":"closed","ping_status":"closed","template":"templates\/full-width-page.php","meta":[],"yoast_head":"<!-- This site is optimized with the Yoast SEO plugin v15.6.2 - https:\/\/yoast.com\/wordpress\/plugins\/seo\/ -->\n<title>Politica de Confiden\u021bialitate - Compact Technology<\/title>\n<meta name=\"robots\" content=\"index, follow, max-snippet:-1, max-image-preview:large, max-video-preview:-1\" \/>\n<link rel=\"canonical\" href=\"https:\/\/compacttechnology.ro\/en\/politica-de-confidentialitate\/\" \/>\n<meta property=\"og:locale\" content=\"en_GB\" \/>\n<meta property=\"og:type\" content=\"article\" \/>\n<meta property=\"og:title\" content=\"Politica de Confiden\u021bialitate - Compact Technology\" \/>\n<meta property=\"og:description\" content=\"COMPACT TECHNOLOGY este implicat\u0103 \u00een protejarea datelor cu caracter personalContinue readingPolitica de Confiden\u021bialitate\" \/>\n<meta property=\"og:url\" content=\"https:\/\/compacttechnology.ro\/en\/politica-de-confidentialitate\/\" \/>\n<meta property=\"og:site_name\" content=\"Compact Technology\" \/>\n<meta property=\"article:modified_time\" content=\"2024-01-10T15:58:45+00:00\" \/>\n<meta name=\"twitter:card\" content=\"summary_large_image\" \/>\n<meta name=\"twitter:label1\" content=\"Estimated reading time\">\n\t<meta name=\"twitter:data1\" content=\"6 minutes\">\n<script type=\"application\/ld+json\" class=\"yoast-schema-graph\">{\"@context\":\"https:\/\/schema.org\",\"@graph\":[{\"@type\":\"Organization\",\"@id\":\"https:\/\/compacttechnology.ro\/en\/#organization\",\"name\":\"Compact Technology\",\"url\":\"https:\/\/compacttechnology.ro\/en\/\",\"sameAs\":[],\"logo\":{\"@type\":\"ImageObject\",\"@id\":\"https:\/\/compacttechnology.ro\/en\/#logo\",\"inLanguage\":\"en-GB\",\"url\":\"https:\/\/compacttechnology.ro\/wp-content\/uploads\/2021\/01\/large-no-bg.png\",\"width\":1300,\"height\":350,\"caption\":\"Compact Technology\"},\"image\":{\"@id\":\"https:\/\/compacttechnology.ro\/en\/#logo\"}},{\"@type\":\"WebSite\",\"@id\":\"https:\/\/compacttechnology.ro\/en\/#website\",\"url\":\"https:\/\/compacttechnology.ro\/en\/\",\"name\":\"Compact Technology\",\"description\":\"Simply Stretched\",\"publisher\":{\"@id\":\"https:\/\/compacttechnology.ro\/en\/#organization\"},\"potentialAction\":[{\"@type\":\"SearchAction\",\"target\":\"https:\/\/compacttechnology.ro\/en\/?s={search_term_string}\",\"query-input\":\"required name=search_term_string\"}],\"inLanguage\":\"en-GB\"},{\"@type\":\"WebPage\",\"@id\":\"https:\/\/compacttechnology.ro\/politica-de-confidentialitate\/#webpage\",\"url\":\"https:\/\/compacttechnology.ro\/politica-de-confidentialitate\/\",\"name\":\"Politica de Confiden\\u021bialitate - Compact Technology\",\"isPartOf\":{\"@id\":\"https:\/\/compacttechnology.ro\/en\/#website\"},\"datePublished\":\"2024-01-10T15:22:13+00:00\",\"dateModified\":\"2024-01-10T15:58:45+00:00\",\"inLanguage\":\"en-GB\",\"potentialAction\":[{\"@type\":\"ReadAction\",\"target\":[\"https:\/\/compacttechnology.ro\/politica-de-confidentialitate\/\"]}]}]}<\/script>\n<!-- \/ Yoast SEO plugin. -->","_links":{"self":[{"href":"https:\/\/compacttechnology.ro\/en\/wp-json\/wp\/v2\/pages\/635"}],"collection":[{"href":"https:\/\/compacttechnology.ro\/en\/wp-json\/wp\/v2\/pages"}],"about":[{"href":"https:\/\/compacttechnology.ro\/en\/wp-json\/wp\/v2\/types\/page"}],"author":[{"embeddable":true,"href":"https:\/\/compacttechnology.ro\/en\/wp-json\/wp\/v2\/users\/1"}],"replies":[{"embeddable":true,"href":"https:\/\/compacttechnology.ro\/en\/wp-json\/wp\/v2\/comments?post=635"}],"version-history":[{"count":10,"href":"https:\/\/compacttechnology.ro\/en\/wp-json\/wp\/v2\/pages\/635\/revisions"}],"predecessor-version":[{"id":651,"href":"https:\/\/compacttechnology.ro\/en\/wp-json\/wp\/v2\/pages\/635\/revisions\/651"}],"wp:attachment":[{"href":"https:\/\/compacttechnology.ro\/en\/wp-json\/wp\/v2\/media?parent=635"}],"curies":[{"name":"wp","href":"https:\/\/api.w.org\/{rel}","templated":true}]}}