{"id":175,"date":"2021-01-16T21:17:49","date_gmt":"2021-01-16T19:17:49","guid":{"rendered":"http:\/\/compacttechnology.ro\/?page_id=175"},"modified":"2021-01-25T20:47:23","modified_gmt":"2021-01-25T18:47:23","slug":"folie-stretch","status":"publish","type":"page","link":"https:\/\/compacttechnology.ro\/ro\/folie-stretch\/","title":{"rendered":"Folie Stretch"},"content":{"rendered":"\n<div class=\"wp-block-image\"><figure class=\"aligncenter size-large\"><img loading=\"lazy\" width=\"729\" height=\"120\" src=\"https:\/\/compacttechnology.ro\/wp-content\/uploads\/2021\/01\/01-folie-stretch.png\" alt=\"\" class=\"wp-image-341\" srcset=\"https:\/\/compacttechnology.ro\/wp-content\/uploads\/2021\/01\/01-folie-stretch.png 729w, https:\/\/compacttechnology.ro\/wp-content\/uploads\/2021\/01\/01-folie-stretch-300x49.png 300w, https:\/\/compacttechnology.ro\/wp-content\/uploads\/2021\/01\/01-folie-stretch-16x3.png 16w\" sizes=\"(max-width: 729px) 100vw, 729px\" \/><\/figure><\/div>\n\n\n\n<p>Folia stretch sau folia extensibil\u0103 are rolul de a proteja marfa pentru un transport \u00een siguran\u021b\u0103 a acesteia.<\/p>\n\n\n\n<p>Folie stretch manual\u0103 \u2013 de diferite tipodimensiuni \u00een func\u021bie de aplica\u021bia dorit\u0103.<br>Folie stretch automant\u0103 \u2013 de diferite tipodimensiuni, utilizat\u0103 pe utilaje de \u00eenfoliat de \u00eenalt\u0103 performa\u021b\u0103, c\u00e2t \u0219i pentru diverse aplica\u021bii.<\/p>\n\n\n<!-- Final Tiles Grid Gallery for WordPress v3.4.22 free --><style>#ftg-11 .tile { border: 2px solid #096602; }#ftg-11 .tile .icon { color:#ffffff; }#ftg-11 .ftg-items .loading-bar i { background:#666; }#ftg-11 .ftg-items .loading-bar { background:#fff; }#ftg-11 .tile .icon { font-size:12px; }#ftg-11 .tile .icon { margin: -6px 0 0 -6px; }#ftg-11 .tile .caption-block .text-wrapper span.text { font-size:12px; }#ftg-11 .tile .caption-block .text-wrapper span.title { font-size:14px; }#ftg-11 .tile { background-color: transparent; }#ftg-11 .tile .caption-block .text-wrapper span.text { color: #ffffff; }#ftg-11 .tile .caption-block .text-wrapper span.title { color: #ffffff; }#ftg-11 .tile .ftg-social a { color: #ffffff; }#ftg-11 .tile { border-radius: 5px; }#ftg-11 .tile .caption-block { transition-duration:0.25s; }#ftg-11 .tile .tile-inner:before { background-color: #000000; }#ftg-11 .tile .tile-inner:before { background-color: rgba(0, 0, 0, 0.8); }#ftg-11 .tile:hover img {-moz-transform: ;-webkit-transform: ;-o-transform: ;-ms-transform: ;transform: ;}<\/style><a name='1'><\/a><div class='final-tiles-gallery  ftg-hover-enabled  caption-none caption-middle caption-center' id='ftg-11' style='width:100%'><div class='ftg-items'><div class='loading-bar'><i><\/i><\/div><div  class='tile ftg-preload  '><a title=\"Folie Stetch Manual\u0103\" data-lightbox='ftg-11' rel='ftg-11'  class=' tile-inner  ftg-lightbox' href='https:\/\/compacttechnology.ro\/wp-content\/uploads\/2021\/01\/Folie-Stretch-Manuala-1024x731.jpg' ><img alt='Folie Stetch Manual\u0103' class='item skip-lazy' data-class='item' data-ftg-source='https:\/\/compacttechnology.ro\/wp-content\/uploads\/2021\/01\/Folie-Stretch-Manuala-1024x731.jpg' src='https:\/\/compacttechnology.ro\/wp-content\/uploads\/2021\/01\/Folie-Stretch-Manuala-1024x731.jpg' width='1024' height='731' \/><div class='caption-block'><div class='text-wrapper'><span class='title'>Folie Stetch Manual\u0103<\/span><\/div><\/div><\/a><div class='ftg-social'><\/div><\/div><div  class='tile ftg-preload  '><a title=\"Folie Stretch Automat\u0103\" data-lightbox='ftg-11' rel='ftg-11'  class=' tile-inner  ftg-lightbox' href='https:\/\/compacttechnology.ro\/wp-content\/uploads\/2021\/01\/Folie-Stretch-Automata.jpg' ><img alt='Folie Stretch Automat\u0103' class='item skip-lazy' data-class='item' data-ftg-source='https:\/\/compacttechnology.ro\/wp-content\/uploads\/2021\/01\/Folie-Stretch-Automata.jpg' src='https:\/\/compacttechnology.ro\/wp-content\/uploads\/2021\/01\/Folie-Stretch-Automata.jpg' width='1000' height='750' \/><div class='caption-block'><div class='text-wrapper'><span class='title'>Folie Stretch Automat\u0103<\/span><\/div><\/div><\/a><div class='ftg-social'><\/div><\/div><\/div><\/div><script type='text\/javascript'>jQuery('#ftg-11 img.item').removeAttr('src');jQuery(document).ready(function () {setTimeout(function () {jQuery('#ftg-11').finalTilesGallery({minTileWidth: 250,margin: 15,loadMethod: 'sequential',nonce: '5a59e43af7',galleryId: '1',setupFilters: true,layout: 'columns',debug: false,gridSize: 25,disableGridSizeBelow:250,allowEnlargement: true,columns: [[4000, 6],[1024, 4],[800, 3],[480, 3],[320, 2]],selectedFilter: 'n-a'});jQuery(function () {(function () {var rel = '';jQuery('#ftg-11 .ftg-lightbox').click(function (e) {rel = jQuery(this).attr('rel');jQuery('#ftg-11 .ftg-current').removeClass('ftg-current');jQuery('#ftg-11 [rel=\"'+rel+'\"]').addClass('ftg-current');});})();});}, 0);});<\/script>\n","protected":false},"excerpt":{"rendered":"<p>Folia stretch sau folia extensibil\u0103 are rolul de a proteja<span class=\"more-button\"><a href=\"https:\/\/compacttechnology.ro\/ro\/folie-stretch\/\" class=\"more-link\">Continue reading<span class=\"screen-reader-text\">Folie Stretch<\/span><\/a><\/span><\/p>\n","protected":false},"author":1,"featured_media":0,"parent":0,"menu_order":0,"comment_status":"closed","ping_status":"closed","template":"templates\/full-width-page.php","meta":[],"yoast_head":"<!-- This site is optimized with the Yoast SEO plugin v15.6.2 - https:\/\/yoast.com\/wordpress\/plugins\/seo\/ -->\n<title>Folie Stretch - Compact Technology<\/title>\n<meta name=\"description\" content=\"Folia stretch sau folia extensibil\u0103 are rolul de a proteja marfa pentru un transport \u00een siguran\u021b\u0103 a acesteia.\" \/>\n<meta name=\"robots\" content=\"index, follow, max-snippet:-1, max-image-preview:large, max-video-preview:-1\" \/>\n<link rel=\"canonical\" href=\"https:\/\/compacttechnology.ro\/ro\/folie-stretch\/\" \/>\n<meta property=\"og:locale\" content=\"ro_RO\" \/>\n<meta property=\"og:type\" content=\"article\" \/>\n<meta property=\"og:title\" content=\"Folie Stretch - Compact Technology\" \/>\n<meta property=\"og:description\" content=\"Folia stretch sau folia extensibil\u0103 are rolul de a proteja marfa pentru un transport \u00een siguran\u021b\u0103 a acesteia.\" \/>\n<meta property=\"og:url\" content=\"https:\/\/compacttechnology.ro\/ro\/folie-stretch\/\" \/>\n<meta property=\"og:site_name\" content=\"Compact Technology\" \/>\n<meta property=\"article:modified_time\" content=\"2021-01-25T18:47:23+00:00\" \/>\n<meta property=\"og:image\" content=\"https:\/\/compacttechnology.ro\/wp-content\/uploads\/2021\/01\/01-folie-stretch.png\" \/>\n<meta name=\"twitter:card\" content=\"summary_large_image\" \/>\n<meta name=\"twitter:label1\" content=\"Timp estimat pentru citire\">\n\t<meta name=\"twitter:data1\" content=\"1 minut\">\n<script type=\"application\/ld+json\" class=\"yoast-schema-graph\">{\"@context\":\"https:\/\/schema.org\",\"@graph\":[{\"@type\":\"Organization\",\"@id\":\"https:\/\/compacttechnology.ro\/en\/#organization\",\"name\":\"Compact Technology\",\"url\":\"https:\/\/compacttechnology.ro\/en\/\",\"sameAs\":[],\"logo\":{\"@type\":\"ImageObject\",\"@id\":\"https:\/\/compacttechnology.ro\/en\/#logo\",\"inLanguage\":\"ro-RO\",\"url\":\"https:\/\/compacttechnology.ro\/wp-content\/uploads\/2021\/01\/large-no-bg.png\",\"width\":1300,\"height\":350,\"caption\":\"Compact Technology\"},\"image\":{\"@id\":\"https:\/\/compacttechnology.ro\/en\/#logo\"}},{\"@type\":\"WebSite\",\"@id\":\"https:\/\/compacttechnology.ro\/en\/#website\",\"url\":\"https:\/\/compacttechnology.ro\/en\/\",\"name\":\"Compact Technology\",\"description\":\"Simply Stretched\",\"publisher\":{\"@id\":\"https:\/\/compacttechnology.ro\/en\/#organization\"},\"potentialAction\":[{\"@type\":\"SearchAction\",\"target\":\"https:\/\/compacttechnology.ro\/en\/?s={search_term_string}\",\"query-input\":\"required name=search_term_string\"}],\"inLanguage\":\"ro-RO\"},{\"@type\":\"ImageObject\",\"@id\":\"https:\/\/compacttechnology.ro\/folie-stretch\/#primaryimage\",\"inLanguage\":\"ro-RO\",\"url\":\"https:\/\/compacttechnology.ro\/wp-content\/uploads\/2021\/01\/01-folie-stretch.png\",\"width\":729,\"height\":120},{\"@type\":\"WebPage\",\"@id\":\"https:\/\/compacttechnology.ro\/folie-stretch\/#webpage\",\"url\":\"https:\/\/compacttechnology.ro\/folie-stretch\/\",\"name\":\"Folie Stretch - Compact Technology\",\"isPartOf\":{\"@id\":\"https:\/\/compacttechnology.ro\/en\/#website\"},\"primaryImageOfPage\":{\"@id\":\"https:\/\/compacttechnology.ro\/folie-stretch\/#primaryimage\"},\"datePublished\":\"2021-01-16T19:17:49+00:00\",\"dateModified\":\"2021-01-25T18:47:23+00:00\",\"description\":\"Folia stretch sau folia extensibil\\u0103 are rolul de a proteja marfa pentru un transport \\u00een siguran\\u021b\\u0103 a acesteia.\",\"inLanguage\":\"ro-RO\",\"potentialAction\":[{\"@type\":\"ReadAction\",\"target\":[\"https:\/\/compacttechnology.ro\/folie-stretch\/\"]}]}]}<\/script>\n<!-- \/ Yoast SEO plugin. -->","_links":{"self":[{"href":"https:\/\/compacttechnology.ro\/ro\/wp-json\/wp\/v2\/pages\/175"}],"collection":[{"href":"https:\/\/compacttechnology.ro\/ro\/wp-json\/wp\/v2\/pages"}],"about":[{"href":"https:\/\/compacttechnology.ro\/ro\/wp-json\/wp\/v2\/types\/page"}],"author":[{"embeddable":true,"href":"https:\/\/compacttechnology.ro\/ro\/wp-json\/wp\/v2\/users\/1"}],"replies":[{"embeddable":true,"href":"https:\/\/compacttechnology.ro\/ro\/wp-json\/wp\/v2\/comments?post=175"}],"version-history":[{"count":84,"href":"https:\/\/compacttechnology.ro\/ro\/wp-json\/wp\/v2\/pages\/175\/revisions"}],"predecessor-version":[{"id":611,"href":"https:\/\/compacttechnology.ro\/ro\/wp-json\/wp\/v2\/pages\/175\/revisions\/611"}],"wp:attachment":[{"href":"https:\/\/compacttechnology.ro\/ro\/wp-json\/wp\/v2\/media?parent=175"}],"curies":[{"name":"wp","href":"https:\/\/api.w.org\/{rel}","templated":true}]}}