{"id":177,"date":"2021-01-16T21:18:21","date_gmt":"2021-01-16T19:18:21","guid":{"rendered":"http:\/\/compacttechnology.ro\/?page_id=177"},"modified":"2021-01-25T20:42:34","modified_gmt":"2021-01-25T18:42:34","slug":"folie-cu-bule-si-pee","status":"publish","type":"page","link":"https:\/\/compacttechnology.ro\/ro\/folie-cu-bule-si-pee\/","title":{"rendered":"Folie cu Bule \u0219i PEE"},"content":{"rendered":"\n<div class=\"wp-block-image\"><figure class=\"aligncenter size-large\"><img loading=\"lazy\" width=\"729\" height=\"120\" src=\"http:\/\/compacttechnology.ro\/wp-content\/uploads\/2021\/01\/01-folie-cu-bule.png\" alt=\"\" class=\"wp-image-296\" srcset=\"https:\/\/compacttechnology.ro\/wp-content\/uploads\/2021\/01\/01-folie-cu-bule.png 729w, https:\/\/compacttechnology.ro\/wp-content\/uploads\/2021\/01\/01-folie-cu-bule-300x49.png 300w, https:\/\/compacttechnology.ro\/wp-content\/uploads\/2021\/01\/01-folie-cu-bule-16x3.png 16w\" sizes=\"(max-width: 729px) 100vw, 729px\" \/><\/figure><\/div>\n\n\n\n<p>Folia LDPE cu bule de aer este produs\u0103 dintr-un material u\u0219or \u0219i flexibil \u0219i este folosit\u0103 la protec\u021bia diferitelor produse \u00een timpul transportului. Se comercializeaz\u0103 sub form\u0103 de: pungi, rol\u0103 de diferite l\u0103\u021bimi si grosimi, cu bule mari \u0219i mici, laminat\u0103 cu diferite materiale (HDPE, PEE, AL).<\/p>\n\n\n\n<p>Polietilena expandat\u0103 este utilizat\u0103 ca \u0219i protec\u021bie \u00een cele mai diferite domenii. O comercializ\u0103m sub form\u0103 de: folie, col\u021bare, confec\u021bii \u0219i \u0219ervetele.<\/p>\n\n\n<!-- Final Tiles Grid Gallery for WordPress v3.4.22 free --><style>#ftg-33 .tile { border: 2px solid #096602; }#ftg-33 .tile .icon { color:#ffffff; }#ftg-33 .ftg-items .loading-bar i { background:#666; }#ftg-33 .ftg-items .loading-bar { background:#fff; }#ftg-33 .tile .icon { font-size:12px; }#ftg-33 .tile .icon { margin: -6px 0 0 -6px; }#ftg-33 .tile .caption-block .text-wrapper span.text { font-size:12px; }#ftg-33 .tile .caption-block .text-wrapper span.title { font-size:14px; }#ftg-33 .tile { background-color: transparent; }#ftg-33 .tile .caption-block .text-wrapper span.text { color: #ffffff; }#ftg-33 .tile .caption-block .text-wrapper span.title { color: #ffffff; }#ftg-33 .tile .ftg-social a { color: #ffffff; }#ftg-33 .tile { border-radius: 5px; }#ftg-33 .tile .caption-block { transition-duration:0.25s; }#ftg-33 .tile .tile-inner:before { background-color: #000000; }#ftg-33 .tile .tile-inner:before { background-color: rgba(0, 0, 0, 0.8); }#ftg-33 .tile:hover img {-moz-transform: ;-webkit-transform: ;-o-transform: ;-ms-transform: ;transform: ;}<\/style><a name='3'><\/a><div class='final-tiles-gallery  ftg-hover-enabled  caption-none caption-middle caption-center' id='ftg-33' style='width:100%'><div class='ftg-items'><div class='loading-bar'><i><\/i><\/div><div  class='tile ftg-preload  '><a title=\"Confec\u021bii Folie cu Bule\" data-lightbox='ftg-33' rel='ftg-33'  class=' tile-inner  ftg-lightbox' href='https:\/\/compacttechnology.ro\/wp-content\/uploads\/2021\/01\/Pungi-cu-Bule-Mici.jpg' ><img alt='Confec\u021bii Folie cu Bule' class='item skip-lazy' data-class='item' data-ftg-source='https:\/\/compacttechnology.ro\/wp-content\/uploads\/2021\/01\/Pungi-cu-Bule-Mici.jpg' src='https:\/\/compacttechnology.ro\/wp-content\/uploads\/2021\/01\/Pungi-cu-Bule-Mici.jpg' width='1000' height='667' \/><div class='caption-block'><div class='text-wrapper'><span class='title'>Confec\u021bii Folie cu Bule<\/span><\/div><\/div><\/a><div class='ftg-social'><\/div><\/div><div  class='tile ftg-preload  '><a title=\"Rol\u0103 de Diferite L\u0103\u021bimi \u0219i Grosimi\" data-lightbox='ftg-33' rel='ftg-33'  class=' tile-inner  ftg-lightbox' href='https:\/\/compacttechnology.ro\/wp-content\/uploads\/2021\/01\/Rola-de-Diferite-Latimi-si-Grosimi.png' ><img alt='Rol\u0103 de Diferite L\u0103\u021bimi \u0219i Grosimi' class='item skip-lazy' data-class='item' data-ftg-source='https:\/\/compacttechnology.ro\/wp-content\/uploads\/2021\/01\/Rola-de-Diferite-Latimi-si-Grosimi.png' src='https:\/\/compacttechnology.ro\/wp-content\/uploads\/2021\/01\/Rola-de-Diferite-Latimi-si-Grosimi.png' width='1000' height='700' \/><div class='caption-block'><div class='text-wrapper'><span class='title'>Rol\u0103 de Diferite L\u0103\u021bimi \u0219i Grosimi<\/span><\/div><\/div><\/a><div class='ftg-social'><\/div><\/div><div  class='tile ftg-preload  '><a title=\"Folie\" data-lightbox='ftg-33' rel='ftg-33'  class=' tile-inner  ftg-lightbox' href='https:\/\/compacttechnology.ro\/wp-content\/uploads\/2021\/01\/Folie.jpg' ><img alt='Folie' class='item skip-lazy' data-class='item' data-ftg-source='https:\/\/compacttechnology.ro\/wp-content\/uploads\/2021\/01\/Folie.jpg' src='https:\/\/compacttechnology.ro\/wp-content\/uploads\/2021\/01\/Folie.jpg' width='1024' height='683' \/><div class='caption-block'><div class='text-wrapper'><span class='title'>Folie<\/span><\/div><\/div><\/a><div class='ftg-social'><\/div><\/div><div  class='tile ftg-preload  '><a title=\"Col\u021bare\" data-lightbox='ftg-33' rel='ftg-33'  class=' tile-inner  ftg-lightbox' href='https:\/\/compacttechnology.ro\/wp-content\/uploads\/2021\/01\/Coltare.jpg' ><img alt='Col\u021bare' class='item skip-lazy' data-class='item' data-ftg-source='https:\/\/compacttechnology.ro\/wp-content\/uploads\/2021\/01\/Coltare.jpg' src='https:\/\/compacttechnology.ro\/wp-content\/uploads\/2021\/01\/Coltare.jpg' width='1024' height='584' \/><div class='caption-block'><div class='text-wrapper'><span class='title'>Col\u021bare<\/span><\/div><\/div><\/a><div class='ftg-social'><\/div><\/div><div  class='tile ftg-preload  '><a title=\"Pl\u0103ci PEE\" data-lightbox='ftg-33' rel='ftg-33'  class=' tile-inner  ftg-lightbox' href='https:\/\/compacttechnology.ro\/wp-content\/uploads\/2021\/01\/Servetele.jpg' ><img alt='Pl\u0103ci PEE' class='item skip-lazy' data-class='item' data-ftg-source='https:\/\/compacttechnology.ro\/wp-content\/uploads\/2021\/01\/Servetele.jpg' src='https:\/\/compacttechnology.ro\/wp-content\/uploads\/2021\/01\/Servetele.jpg' width='1000' height='667' \/><div class='caption-block'><div class='text-wrapper'><span class='title'>Pl\u0103ci PEE<\/span><\/div><\/div><\/a><div class='ftg-social'><\/div><\/div><\/div><\/div><script type='text\/javascript'>jQuery('#ftg-33 img.item').removeAttr('src');jQuery(document).ready(function () {setTimeout(function () {jQuery('#ftg-33').finalTilesGallery({minTileWidth: 250,margin: 15,loadMethod: 'sequential',nonce: '5a59e43af7',galleryId: '3',setupFilters: true,layout: 'columns',debug: false,gridSize: 25,disableGridSizeBelow:250,allowEnlargement: true,columns: [[4000, 6],[1024, 4],[800, 3],[480, 3],[320, 2]],selectedFilter: 'n-a'});jQuery(function () {(function () {var rel = '';jQuery('#ftg-33 .ftg-lightbox').click(function (e) {rel = jQuery(this).attr('rel');jQuery('#ftg-33 .ftg-current').removeClass('ftg-current');jQuery('#ftg-33 [rel=\"'+rel+'\"]').addClass('ftg-current');});})();});}, 0);});<\/script>\n","protected":false},"excerpt":{"rendered":"<p>Folia LDPE cu bule de aer este produs\u0103 dintr-un material<span class=\"more-button\"><a href=\"https:\/\/compacttechnology.ro\/ro\/folie-cu-bule-si-pee\/\" class=\"more-link\">Continue reading<span class=\"screen-reader-text\">Folie cu Bule \u0219i PEE<\/span><\/a><\/span><\/p>\n","protected":false},"author":1,"featured_media":0,"parent":0,"menu_order":0,"comment_status":"closed","ping_status":"closed","template":"templates\/full-width-page.php","meta":[],"yoast_head":"<!-- This site is optimized with the Yoast SEO plugin v15.6.2 - https:\/\/yoast.com\/wordpress\/plugins\/seo\/ -->\n<title>Folie cu Bule \u0219i PEE - Compact Technology<\/title>\n<meta name=\"description\" content=\"Folia LDPE cu bule de aer este produs\u0103 dintr-un material u\u0219or \u0219i flexibil \u0219i este folosit\u0103 la protec\u021bia diferitelor produse \u00een timpul transportului. Se comercializeaz\u0103 sub form\u0103 de: pungi, rol\u0103 de diferite l\u0103\u021bimi si grosimi, cu bule mari \u0219i mici, laminat\u0103 cu diferite materiale (HDPE, PEE, AL).\" \/>\n<meta name=\"robots\" content=\"index, follow, max-snippet:-1, max-image-preview:large, max-video-preview:-1\" \/>\n<link rel=\"canonical\" href=\"https:\/\/compacttechnology.ro\/ro\/folie-cu-bule-si-pee\/\" \/>\n<meta property=\"og:locale\" content=\"ro_RO\" \/>\n<meta property=\"og:type\" content=\"article\" \/>\n<meta property=\"og:title\" content=\"Folie cu Bule \u0219i PEE - Compact Technology\" \/>\n<meta property=\"og:description\" content=\"Folia LDPE cu bule de aer este produs\u0103 dintr-un material u\u0219or \u0219i flexibil \u0219i este folosit\u0103 la protec\u021bia diferitelor produse \u00een timpul transportului. Se comercializeaz\u0103 sub form\u0103 de: pungi, rol\u0103 de diferite l\u0103\u021bimi si grosimi, cu bule mari \u0219i mici, laminat\u0103 cu diferite materiale (HDPE, PEE, AL).\" \/>\n<meta property=\"og:url\" content=\"https:\/\/compacttechnology.ro\/ro\/folie-cu-bule-si-pee\/\" \/>\n<meta property=\"og:site_name\" content=\"Compact Technology\" \/>\n<meta property=\"article:modified_time\" content=\"2021-01-25T18:42:34+00:00\" \/>\n<meta property=\"og:image\" content=\"http:\/\/compacttechnology.ro\/wp-content\/uploads\/2021\/01\/01-folie-cu-bule.png\" \/>\n<meta name=\"twitter:card\" content=\"summary_large_image\" \/>\n<meta name=\"twitter:label1\" content=\"Timp estimat pentru citire\">\n\t<meta name=\"twitter:data1\" content=\"1 minut\">\n<script type=\"application\/ld+json\" class=\"yoast-schema-graph\">{\"@context\":\"https:\/\/schema.org\",\"@graph\":[{\"@type\":\"Organization\",\"@id\":\"https:\/\/compacttechnology.ro\/en\/#organization\",\"name\":\"Compact Technology\",\"url\":\"https:\/\/compacttechnology.ro\/en\/\",\"sameAs\":[],\"logo\":{\"@type\":\"ImageObject\",\"@id\":\"https:\/\/compacttechnology.ro\/en\/#logo\",\"inLanguage\":\"ro-RO\",\"url\":\"https:\/\/compacttechnology.ro\/wp-content\/uploads\/2021\/01\/large-no-bg.png\",\"width\":1300,\"height\":350,\"caption\":\"Compact Technology\"},\"image\":{\"@id\":\"https:\/\/compacttechnology.ro\/en\/#logo\"}},{\"@type\":\"WebSite\",\"@id\":\"https:\/\/compacttechnology.ro\/en\/#website\",\"url\":\"https:\/\/compacttechnology.ro\/en\/\",\"name\":\"Compact Technology\",\"description\":\"Simply Stretched\",\"publisher\":{\"@id\":\"https:\/\/compacttechnology.ro\/en\/#organization\"},\"potentialAction\":[{\"@type\":\"SearchAction\",\"target\":\"https:\/\/compacttechnology.ro\/en\/?s={search_term_string}\",\"query-input\":\"required name=search_term_string\"}],\"inLanguage\":\"ro-RO\"},{\"@type\":\"ImageObject\",\"@id\":\"https:\/\/compacttechnology.ro\/folie-cu-bule-si-pee\/#primaryimage\",\"inLanguage\":\"ro-RO\",\"url\":\"http:\/\/compacttechnology.ro\/wp-content\/uploads\/2021\/01\/01-folie-cu-bule.png\"},{\"@type\":\"WebPage\",\"@id\":\"https:\/\/compacttechnology.ro\/folie-cu-bule-si-pee\/#webpage\",\"url\":\"https:\/\/compacttechnology.ro\/folie-cu-bule-si-pee\/\",\"name\":\"Folie cu Bule \\u0219i PEE - Compact Technology\",\"isPartOf\":{\"@id\":\"https:\/\/compacttechnology.ro\/en\/#website\"},\"primaryImageOfPage\":{\"@id\":\"https:\/\/compacttechnology.ro\/folie-cu-bule-si-pee\/#primaryimage\"},\"datePublished\":\"2021-01-16T19:18:21+00:00\",\"dateModified\":\"2021-01-25T18:42:34+00:00\",\"description\":\"Folia LDPE cu bule de aer este produs\\u0103 dintr-un material u\\u0219or \\u0219i flexibil \\u0219i este folosit\\u0103 la protec\\u021bia diferitelor produse \\u00een timpul transportului. Se comercializeaz\\u0103 sub form\\u0103 de: pungi, rol\\u0103 de diferite l\\u0103\\u021bimi si grosimi, cu bule mari \\u0219i mici, laminat\\u0103 cu diferite materiale (HDPE, PEE, AL).\",\"inLanguage\":\"ro-RO\",\"potentialAction\":[{\"@type\":\"ReadAction\",\"target\":[\"https:\/\/compacttechnology.ro\/folie-cu-bule-si-pee\/\"]}]}]}<\/script>\n<!-- \/ Yoast SEO plugin. -->","_links":{"self":[{"href":"https:\/\/compacttechnology.ro\/ro\/wp-json\/wp\/v2\/pages\/177"}],"collection":[{"href":"https:\/\/compacttechnology.ro\/ro\/wp-json\/wp\/v2\/pages"}],"about":[{"href":"https:\/\/compacttechnology.ro\/ro\/wp-json\/wp\/v2\/types\/page"}],"author":[{"embeddable":true,"href":"https:\/\/compacttechnology.ro\/ro\/wp-json\/wp\/v2\/users\/1"}],"replies":[{"embeddable":true,"href":"https:\/\/compacttechnology.ro\/ro\/wp-json\/wp\/v2\/comments?post=177"}],"version-history":[{"count":20,"href":"https:\/\/compacttechnology.ro\/ro\/wp-json\/wp\/v2\/pages\/177\/revisions"}],"predecessor-version":[{"id":614,"href":"https:\/\/compacttechnology.ro\/ro\/wp-json\/wp\/v2\/pages\/177\/revisions\/614"}],"wp:attachment":[{"href":"https:\/\/compacttechnology.ro\/ro\/wp-json\/wp\/v2\/media?parent=177"}],"curies":[{"name":"wp","href":"https:\/\/api.w.org\/{rel}","templated":true}]}}