{"id":54,"date":"2020-12-15T18:22:18","date_gmt":"2020-12-15T16:22:18","guid":{"rendered":"http:\/\/compacttechnology.ro\/?page_id=54"},"modified":"2021-01-25T20:41:22","modified_gmt":"2021-01-25T18:41:22","slug":"despre-noi","status":"publish","type":"page","link":"https:\/\/compacttechnology.ro\/ro\/despre-noi\/","title":{"rendered":"Despre noi"},"content":{"rendered":"\n<div class=\"wp-block-image\"><figure class=\"aligncenter size-large\"><img loading=\"lazy\" width=\"729\" height=\"120\" src=\"https:\/\/compacttechnology.ro\/wp-content\/uploads\/2021\/01\/10-despre-noi.png\" alt=\"\" class=\"wp-image-607\" srcset=\"https:\/\/compacttechnology.ro\/wp-content\/uploads\/2021\/01\/10-despre-noi.png 729w, https:\/\/compacttechnology.ro\/wp-content\/uploads\/2021\/01\/10-despre-noi-300x49.png 300w, https:\/\/compacttechnology.ro\/wp-content\/uploads\/2021\/01\/10-despre-noi-16x3.png 16w\" sizes=\"(max-width: 729px) 100vw, 729px\" \/><\/figure><\/div>\n\n\n\n<p>Suntem o echip\u0103 de oameni determina\u021bi, productivi \u0219i dinamici cu o experien\u021b\u0103 de peste 15 ani \u00een domeniul materialelor de ambalare. Echipa noastr\u0103 se recomand\u0103 prin capacitatea de a creea \u0219i a sus\u021bine rela\u021bii comerciale de succes \u0219i de lung\u0103 durat\u0103 cu partenerii de afaceri. Venim \u00een \u00eent\u00e2mpinarea cerin\u021belor dumneavoastr\u0103 cu solu\u021bii dintre cele mai inovative, \u00een timp real \u0219i la cele mai competitive pre\u021buri.<\/p>\n\n\n\n<p>Satisfac\u021bia clien\u021bilor este principalul nostru scop! Credem cu t\u0103rie c\u0103 abilit\u0103\u021bile noastre de comunicare \u0219i orientarea noastr\u0103 c\u0103tre client ne deosebesc \u00eentr-o manier\u0103 pozitiv\u0103 fa\u021b\u0103 de alte companii de profil de pe pia\u021b\u0103.<\/p>\n","protected":false},"excerpt":{"rendered":"<p>Suntem o echip\u0103 de oameni determina\u021bi, productivi \u0219i dinamici cu<span class=\"more-button\"><a href=\"https:\/\/compacttechnology.ro\/ro\/despre-noi\/\" class=\"more-link\">Continue reading<span class=\"screen-reader-text\">Despre noi<\/span><\/a><\/span><\/p>\n","protected":false},"author":1,"featured_media":0,"parent":0,"menu_order":0,"comment_status":"closed","ping_status":"closed","template":"templates\/full-width-page.php","meta":[],"yoast_head":"<!-- This site is optimized with the Yoast SEO plugin v15.6.2 - https:\/\/yoast.com\/wordpress\/plugins\/seo\/ -->\n<title>Despre noi - Compact Technology<\/title>\n<meta name=\"description\" content=\"Satisfac\u021bia clien\u021bilor este principalul nostru scop! Credem cu t\u0103rie c\u0103 abilit\u0103\u021bile noastre de comunicare \u0219i orientarea noastr\u0103 c\u0103tre client ne deosebesc \u00eentr-o manier\u0103 pozitiv\u0103 fa\u021b\u0103 de alte companii de profil de pe pia\u021b\u0103.\" \/>\n<meta name=\"robots\" content=\"index, follow, max-snippet:-1, max-image-preview:large, max-video-preview:-1\" \/>\n<link rel=\"canonical\" href=\"https:\/\/compacttechnology.ro\/ro\/despre-noi\/\" \/>\n<meta property=\"og:locale\" content=\"ro_RO\" \/>\n<meta property=\"og:type\" content=\"article\" \/>\n<meta property=\"og:title\" content=\"Despre noi - Compact Technology\" \/>\n<meta property=\"og:description\" content=\"Satisfac\u021bia clien\u021bilor este principalul nostru scop! Credem cu t\u0103rie c\u0103 abilit\u0103\u021bile noastre de comunicare \u0219i orientarea noastr\u0103 c\u0103tre client ne deosebesc \u00eentr-o manier\u0103 pozitiv\u0103 fa\u021b\u0103 de alte companii de profil de pe pia\u021b\u0103.\" \/>\n<meta property=\"og:url\" content=\"https:\/\/compacttechnology.ro\/ro\/despre-noi\/\" \/>\n<meta property=\"og:site_name\" content=\"Compact Technology\" \/>\n<meta property=\"article:modified_time\" content=\"2021-01-25T18:41:22+00:00\" \/>\n<meta property=\"og:image\" content=\"https:\/\/compacttechnology.ro\/wp-content\/uploads\/2021\/01\/10-despre-noi.png\" \/>\n<meta name=\"twitter:card\" content=\"summary_large_image\" \/>\n<meta name=\"twitter:label1\" content=\"Timp estimat pentru citire\">\n\t<meta name=\"twitter:data1\" content=\"1 minut\">\n<script type=\"application\/ld+json\" class=\"yoast-schema-graph\">{\"@context\":\"https:\/\/schema.org\",\"@graph\":[{\"@type\":\"Organization\",\"@id\":\"https:\/\/compacttechnology.ro\/en\/#organization\",\"name\":\"Compact Technology\",\"url\":\"https:\/\/compacttechnology.ro\/en\/\",\"sameAs\":[],\"logo\":{\"@type\":\"ImageObject\",\"@id\":\"https:\/\/compacttechnology.ro\/en\/#logo\",\"inLanguage\":\"ro-RO\",\"url\":\"https:\/\/compacttechnology.ro\/wp-content\/uploads\/2021\/01\/large-no-bg.png\",\"width\":1300,\"height\":350,\"caption\":\"Compact Technology\"},\"image\":{\"@id\":\"https:\/\/compacttechnology.ro\/en\/#logo\"}},{\"@type\":\"WebSite\",\"@id\":\"https:\/\/compacttechnology.ro\/en\/#website\",\"url\":\"https:\/\/compacttechnology.ro\/en\/\",\"name\":\"Compact Technology\",\"description\":\"Simply Stretched\",\"publisher\":{\"@id\":\"https:\/\/compacttechnology.ro\/en\/#organization\"},\"potentialAction\":[{\"@type\":\"SearchAction\",\"target\":\"https:\/\/compacttechnology.ro\/en\/?s={search_term_string}\",\"query-input\":\"required name=search_term_string\"}],\"inLanguage\":\"ro-RO\"},{\"@type\":\"ImageObject\",\"@id\":\"https:\/\/compacttechnology.ro\/despre-noi\/#primaryimage\",\"inLanguage\":\"ro-RO\",\"url\":\"https:\/\/compacttechnology.ro\/wp-content\/uploads\/2021\/01\/10-despre-noi.png\",\"width\":729,\"height\":120},{\"@type\":\"WebPage\",\"@id\":\"https:\/\/compacttechnology.ro\/despre-noi\/#webpage\",\"url\":\"https:\/\/compacttechnology.ro\/despre-noi\/\",\"name\":\"Despre noi - Compact Technology\",\"isPartOf\":{\"@id\":\"https:\/\/compacttechnology.ro\/en\/#website\"},\"primaryImageOfPage\":{\"@id\":\"https:\/\/compacttechnology.ro\/despre-noi\/#primaryimage\"},\"datePublished\":\"2020-12-15T16:22:18+00:00\",\"dateModified\":\"2021-01-25T18:41:22+00:00\",\"description\":\"Satisfac\\u021bia clien\\u021bilor este principalul nostru scop! Credem cu t\\u0103rie c\\u0103 abilit\\u0103\\u021bile noastre de comunicare \\u0219i orientarea noastr\\u0103 c\\u0103tre client ne deosebesc \\u00eentr-o manier\\u0103 pozitiv\\u0103 fa\\u021b\\u0103 de alte companii de profil de pe pia\\u021b\\u0103.\",\"inLanguage\":\"ro-RO\",\"potentialAction\":[{\"@type\":\"ReadAction\",\"target\":[\"https:\/\/compacttechnology.ro\/despre-noi\/\"]}]}]}<\/script>\n<!-- \/ Yoast SEO plugin. -->","_links":{"self":[{"href":"https:\/\/compacttechnology.ro\/ro\/wp-json\/wp\/v2\/pages\/54"}],"collection":[{"href":"https:\/\/compacttechnology.ro\/ro\/wp-json\/wp\/v2\/pages"}],"about":[{"href":"https:\/\/compacttechnology.ro\/ro\/wp-json\/wp\/v2\/types\/page"}],"author":[{"embeddable":true,"href":"https:\/\/compacttechnology.ro\/ro\/wp-json\/wp\/v2\/users\/1"}],"replies":[{"embeddable":true,"href":"https:\/\/compacttechnology.ro\/ro\/wp-json\/wp\/v2\/comments?post=54"}],"version-history":[{"count":35,"href":"https:\/\/compacttechnology.ro\/ro\/wp-json\/wp\/v2\/pages\/54\/revisions"}],"predecessor-version":[{"id":610,"href":"https:\/\/compacttechnology.ro\/ro\/wp-json\/wp\/v2\/pages\/54\/revisions\/610"}],"wp:attachment":[{"href":"https:\/\/compacttechnology.ro\/ro\/wp-json\/wp\/v2\/media?parent=54"}],"curies":[{"name":"wp","href":"https:\/\/api.w.org\/{rel}","templated":true}]}}