{"id":58,"date":"2020-12-15T18:23:34","date_gmt":"2020-12-15T16:23:34","guid":{"rendered":"http:\/\/compacttechnology.ro\/?page_id=58"},"modified":"2021-07-19T15:27:52","modified_gmt":"2021-07-19T12:27:52","slug":"contact","status":"publish","type":"page","link":"https:\/\/compacttechnology.ro\/ro\/contact\/","title":{"rendered":"Contact"},"content":{"rendered":"\n<div class=\"wp-block-group\"><div class=\"wp-block-group__inner-container\">\n<div class=\"wp-block-group\"><div class=\"wp-block-group__inner-container\">\n<p><iframe style=\"border: 0;\" tabindex=\"0\" src=\"https:\/\/www.google.com\/maps\/embed?pb=!1m18!1m12!1m3!1d2785.3565972471897!2d21.19370620135171!3d45.72394297822571!2m3!1f0!2f0!3f0!3m2!1i1024!2i768!4f13.1!3m3!1m2!1s0x47455d0245041c53%3A0x755d9f71c0e209c6!2sStrada%20Sulina%206%2C%20Timi%C8%99oara!5e0!3m2!1sen!2sro!4v1609940796304!5m2!1sen!2sro\" width=\"100%\" height=\"450\" frameborder=\"0\" allowfullscreen=\"allowfullscreen\" aria-hidden=\"false\"><\/iframe><\/p>\n\n\n\n<p><\/p>\n<\/div><\/div>\n<\/div><\/div>\n\n\n\n<h4 class=\"has-text-align-center\">Suntem bucuro\u0219i s\u0103 v\u0103 ajut\u0103m!<\/h4>\n\n\n\n<p class=\"has-text-align-center\">Pentru a putea trimite solicitarea dumneavoastr\u0103 la persoana potrivit\u0103 \u00een timp util, v\u0103 rug\u0103m s\u0103 ne l\u0103sa\u021bi informa\u021biile necesare la solicitarea dumneavoastr\u0103, fie telefonic, fie prin email.<\/p>\n\n\n\n<div class=\"wp-block-group\"><div class=\"wp-block-group__inner-container\">\n<div class=\"wp-block-columns\">\n<div class=\"wp-block-column\">\n<div class=\"wp-block-group\"><div class=\"wp-block-group__inner-container\">\n<div class=\"wp-block-image\"><figure class=\"aligncenter size-large\"><img loading=\"lazy\" width=\"80\" height=\"80\" src=\"http:\/\/compacttechnology.ro\/wp-content\/uploads\/2021\/01\/detalii-firma.png\" alt=\"\" class=\"wp-image-233\" srcset=\"https:\/\/compacttechnology.ro\/wp-content\/uploads\/2021\/01\/detalii-firma.png 80w, https:\/\/compacttechnology.ro\/wp-content\/uploads\/2021\/01\/detalii-firma-12x12.png 12w, https:\/\/compacttechnology.ro\/wp-content\/uploads\/2021\/01\/detalii-firma-70x70.png 70w, https:\/\/compacttechnology.ro\/wp-content\/uploads\/2021\/01\/detalii-firma-50x50.png 50w\" sizes=\"(max-width: 80px) 100vw, 80px\" \/><\/figure><\/div>\n\n\n\n<p class=\"has-text-align-center\" id=\"098\">SC Compact Technology SRL<br>RO16836070<br>J35\/2889\/2004<\/p>\n<\/div><\/div>\n<\/div>\n\n\n\n<div class=\"wp-block-column\">\n<div class=\"wp-block-image\"><figure class=\"aligncenter size-large\"><img loading=\"lazy\" width=\"80\" height=\"80\" src=\"http:\/\/compacttechnology.ro\/wp-content\/uploads\/2021\/01\/adresa.png\" alt=\"\" class=\"wp-image-234\" srcset=\"https:\/\/compacttechnology.ro\/wp-content\/uploads\/2021\/01\/adresa.png 80w, https:\/\/compacttechnology.ro\/wp-content\/uploads\/2021\/01\/adresa-12x12.png 12w, https:\/\/compacttechnology.ro\/wp-content\/uploads\/2021\/01\/adresa-70x70.png 70w, https:\/\/compacttechnology.ro\/wp-content\/uploads\/2021\/01\/adresa-50x50.png 50w\" sizes=\"(max-width: 80px) 100vw, 80px\" \/><\/figure><\/div>\n\n\n\n<p class=\"has-text-align-center\">Depozit: Str. Sulina, Nr. 6, 300516,<br>Timi\u0219oara, Jud. Timi\u0219<\/p>\n\n\n\n<p class=\"has-text-align-center\">Sediu Social: Loc. Par\u021ba, Nr. 724,<br>307396, Jud. Timi\u0219<\/p>\n<\/div>\n\n\n\n<div class=\"wp-block-column\">\n<div class=\"wp-block-image\"><figure class=\"aligncenter size-large\"><img loading=\"lazy\" width=\"80\" height=\"80\" src=\"http:\/\/compacttechnology.ro\/wp-content\/uploads\/2021\/01\/contact.png\" alt=\"\" class=\"wp-image-235\" srcset=\"https:\/\/compacttechnology.ro\/wp-content\/uploads\/2021\/01\/contact.png 80w, https:\/\/compacttechnology.ro\/wp-content\/uploads\/2021\/01\/contact-12x12.png 12w, https:\/\/compacttechnology.ro\/wp-content\/uploads\/2021\/01\/contact-70x70.png 70w, https:\/\/compacttechnology.ro\/wp-content\/uploads\/2021\/01\/contact-50x50.png 50w\" sizes=\"(max-width: 80px) 100vw, 80px\" \/><\/figure><\/div>\n\n\n\n<p class=\"has-text-align-center\">+40 733 010 945<br>office@compacttechnology.ro<\/p>\n<\/div>\n<\/div>\n<\/div><\/div>\n\n\n\n<p><\/p>\n","protected":false},"excerpt":{"rendered":"<p>Suntem bucuro\u0219i s\u0103 v\u0103 ajut\u0103m! Pentru a putea trimite solicitarea<span class=\"more-button\"><a href=\"https:\/\/compacttechnology.ro\/ro\/contact\/\" class=\"more-link\">Continue reading<span class=\"screen-reader-text\">Contact<\/span><\/a><\/span><\/p>\n","protected":false},"author":1,"featured_media":0,"parent":0,"menu_order":0,"comment_status":"closed","ping_status":"closed","template":"templates\/full-width-page.php","meta":[],"yoast_head":"<!-- This site is optimized with the Yoast SEO plugin v15.6.2 - https:\/\/yoast.com\/wordpress\/plugins\/seo\/ -->\n<title>Contact - Compact Technology<\/title>\n<meta name=\"description\" content=\"0733 010 945 \u2022 office@compacttechnology.ro \u2022 Str. Suliuna, 6 \u2022 Timi\u0219oara\" \/>\n<meta name=\"robots\" content=\"index, follow, max-snippet:-1, max-image-preview:large, max-video-preview:-1\" \/>\n<link rel=\"canonical\" href=\"https:\/\/compacttechnology.ro\/ro\/contact\/\" \/>\n<meta property=\"og:locale\" content=\"ro_RO\" \/>\n<meta property=\"og:type\" content=\"article\" \/>\n<meta property=\"og:title\" content=\"Contact - Compact Technology\" \/>\n<meta property=\"og:description\" content=\"0733 010 945 \u2022 office@compacttechnology.ro \u2022 Str. Suliuna, 6 \u2022 Timi\u0219oara\" \/>\n<meta property=\"og:url\" content=\"https:\/\/compacttechnology.ro\/ro\/contact\/\" \/>\n<meta property=\"og:site_name\" content=\"Compact Technology\" \/>\n<meta property=\"article:modified_time\" content=\"2021-07-19T12:27:52+00:00\" \/>\n<meta property=\"og:image\" content=\"http:\/\/compacttechnology.ro\/wp-content\/uploads\/2021\/01\/detalii-firma.png\" \/>\n<meta name=\"twitter:card\" content=\"summary_large_image\" \/>\n<meta name=\"twitter:label1\" content=\"Timp estimat pentru citire\">\n\t<meta name=\"twitter:data1\" content=\"1 minut\">\n<script type=\"application\/ld+json\" class=\"yoast-schema-graph\">{\"@context\":\"https:\/\/schema.org\",\"@graph\":[{\"@type\":\"Organization\",\"@id\":\"https:\/\/compacttechnology.ro\/en\/#organization\",\"name\":\"Compact Technology\",\"url\":\"https:\/\/compacttechnology.ro\/en\/\",\"sameAs\":[],\"logo\":{\"@type\":\"ImageObject\",\"@id\":\"https:\/\/compacttechnology.ro\/en\/#logo\",\"inLanguage\":\"ro-RO\",\"url\":\"https:\/\/compacttechnology.ro\/wp-content\/uploads\/2021\/01\/large-no-bg.png\",\"width\":1300,\"height\":350,\"caption\":\"Compact Technology\"},\"image\":{\"@id\":\"https:\/\/compacttechnology.ro\/en\/#logo\"}},{\"@type\":\"WebSite\",\"@id\":\"https:\/\/compacttechnology.ro\/en\/#website\",\"url\":\"https:\/\/compacttechnology.ro\/en\/\",\"name\":\"Compact Technology\",\"description\":\"Simply Stretched\",\"publisher\":{\"@id\":\"https:\/\/compacttechnology.ro\/en\/#organization\"},\"potentialAction\":[{\"@type\":\"SearchAction\",\"target\":\"https:\/\/compacttechnology.ro\/en\/?s={search_term_string}\",\"query-input\":\"required name=search_term_string\"}],\"inLanguage\":\"ro-RO\"},{\"@type\":\"ImageObject\",\"@id\":\"https:\/\/compacttechnology.ro\/contact\/#primaryimage\",\"inLanguage\":\"ro-RO\",\"url\":\"http:\/\/compacttechnology.ro\/wp-content\/uploads\/2021\/01\/detalii-firma.png\"},{\"@type\":\"WebPage\",\"@id\":\"https:\/\/compacttechnology.ro\/contact\/#webpage\",\"url\":\"https:\/\/compacttechnology.ro\/contact\/\",\"name\":\"Contact - Compact Technology\",\"isPartOf\":{\"@id\":\"https:\/\/compacttechnology.ro\/en\/#website\"},\"primaryImageOfPage\":{\"@id\":\"https:\/\/compacttechnology.ro\/contact\/#primaryimage\"},\"datePublished\":\"2020-12-15T16:23:34+00:00\",\"dateModified\":\"2021-07-19T12:27:52+00:00\",\"description\":\"0733 010 945 \\u2022 office@compacttechnology.ro \\u2022 Str. Suliuna, 6 \\u2022 Timi\\u0219oara\",\"inLanguage\":\"ro-RO\",\"potentialAction\":[{\"@type\":\"ReadAction\",\"target\":[\"https:\/\/compacttechnology.ro\/contact\/\"]}]}]}<\/script>\n<!-- \/ Yoast SEO plugin. -->","_links":{"self":[{"href":"https:\/\/compacttechnology.ro\/ro\/wp-json\/wp\/v2\/pages\/58"}],"collection":[{"href":"https:\/\/compacttechnology.ro\/ro\/wp-json\/wp\/v2\/pages"}],"about":[{"href":"https:\/\/compacttechnology.ro\/ro\/wp-json\/wp\/v2\/types\/page"}],"author":[{"embeddable":true,"href":"https:\/\/compacttechnology.ro\/ro\/wp-json\/wp\/v2\/users\/1"}],"replies":[{"embeddable":true,"href":"https:\/\/compacttechnology.ro\/ro\/wp-json\/wp\/v2\/comments?post=58"}],"version-history":[{"count":52,"href":"https:\/\/compacttechnology.ro\/ro\/wp-json\/wp\/v2\/pages\/58\/revisions"}],"predecessor-version":[{"id":634,"href":"https:\/\/compacttechnology.ro\/ro\/wp-json\/wp\/v2\/pages\/58\/revisions\/634"}],"wp:attachment":[{"href":"https:\/\/compacttechnology.ro\/ro\/wp-json\/wp\/v2\/media?parent=58"}],"curies":[{"name":"wp","href":"https:\/\/api.w.org\/{rel}","templated":true}]}}